{"id":1197,"date":"2016-11-24T15:14:23","date_gmt":"2016-11-24T17:14:23","guid":{"rendered":"http:\/\/186.202.127.95\/~freesolo\/?page_id=1197"},"modified":"2017-03-03T10:38:15","modified_gmt":"2017-03-03T13:38:15","slug":"qualificacao","status":"publish","type":"page","link":"https:\/\/freesolo.com.br\/pse-freesolo\/inicio\/qualificacao\/","title":{"rendered":"Qualifica\u00e7\u00e3o"},"content":{"rendered":"<div class=\"wpb-content-wrapper\"><p>[vc_row centered=&#8221;yes&#8221; bg_type=&#8221;image&#8221; parallax_style=&#8221;vcpb-default&#8221; bg_image_new=&#8221;id^1607|url^http:\/\/freesolo.com.br\/wp-content\/uploads\/2016\/11\/banner-sombra-equipe.jpg|caption^null|alt^null|title^banner-sombra-equipe|description^null&#8221; bg_image_repeat=&#8221;no-repeat&#8221; bg_image_size=&#8221;initial&#8221; bg_image_posiiton=&#8221;center left&#8221; padding_top=&#8221;115px&#8221; padding_bottom=&#8221;115px&#8221; sd_margin_bottom=&#8221;0px&#8221;][vc_column]<div id=\"ultimate-heading-433769dc2b38aa500\" class=\"uvc-heading ult-adjust-bottom-margin ultimate-heading-433769dc2b38aa500 uvc-3035 \" data-hspacer=\"line_only\"  data-halign=\"left\" style=\"text-align:left\"><div class=\"uvc-main-heading ult-responsive\"  data-ultimate-target='.uvc-heading.ultimate-heading-433769dc2b38aa500 h2'  data-responsive-json-new='{\"font-size\":\"desktop:36px;\",\"line-height\":\"\"}' ><h2 style=\"font-family:&#039;Roboto&#039;;font-weight:300;color:#243c4f;margin-bottom:10px;\">Qualifica\u00e7\u00e3o<\/h2><\/div><div class=\"uvc-heading-spacer line_only\" style=\"topheight:1px;\"><span class=\"uvc-headings-line\" style=\"border-style:solid;border-bottom-width:1px;border-color:#de8760;width:50px;\"><\/span><\/div><\/div>[\/vc_column][\/vc_row][vc_row centered=&#8221;yes&#8221; sd_margin_bottom=&#8221;0px&#8221;][vc_column]<div class=\"ult-spacer spacer-69dc2b38aa56b\" data-id=\"69dc2b38aa56b\" data-height=\"50\" data-height-mobile=\"50\" data-height-tab=\"50\" data-height-tab-portrait=\"\" data-height-mobile-landscape=\"\" style=\"clear:both;display:block;\"><\/div>[vc_row_inner][vc_column_inner][vc_column_text]Alguns trabalhos realizados[\/vc_column_text][\/vc_column_inner][\/vc_row_inner]<div class=\"smile-icon-timeline-wrap csstime   \"    data-time_sep_color=&quot;#de8760&quot; style=\"\"><div class=\"timeline-line \" style=\"border-right-color:#de8760;\"><span><\/span><\/div><div class=\"timeline-wrapper\"><div class=\"timeline-block \"><div class=\"timeline-dot\"><\/div><div class=\"ult-timeline-arrow\"><s><\/s><l><\/l><\/div><div class=\"timeline-icon-block\"><div class=\"ult-timeline-icon tl-icon-no-bg\" style=\"   \"><\/div> <!-- icon --><\/div><div class=\"timeline-header-block\" >\n\t\t\t\t\t\t\t<div id=\"timeline-item-3370\" class=\"timeline-header\" style=\"\"><h3 class=\"ult-timeline-title ult-responsive\"  data-ultimate-target='#timeline-item-3370 .ult-timeline-title'  data-responsive-json-new='{\"font-size\":\"\",\"line-height\":\"\"}'  style=\"\">2017<\/h3><div class=\"ult-responsive timeline-item-spt\"  data-ultimate-target='#timeline-item-3370 .timeline-item-spt'  data-responsive-json-new='{\"font-size\":\"\",\"line-height\":\"\"}'  style=\"\"><\/p>\n<ul>\n<li>\u00a0PEDRA AGROINDUSTRIAL (Usina da Pedra) &#8211; An\u00e1lise de Riscos &#8211; HazOp &#8211; novas instala\u00e7\u00f5es na Usina de Nova Independ\u00eancia, SP (3 HazOp&#8217;s) com avalia\u00e7\u00e3o de equipamentos\/projetos da EXGEN, TGM, JW e SUCRANA.<\/li>\n<\/ul>\n<p><\/div><\/div> <!-- header --><\/div><\/div><div class=\"timeline-block \"><div class=\"timeline-dot\"><\/div><div class=\"ult-timeline-arrow\"><s><\/s><l><\/l><\/div><div class=\"timeline-icon-block\"><div class=\"ult-timeline-icon tl-icon-no-bg\" style=\"   \"><\/div> <!-- icon --><\/div><div class=\"timeline-header-block\" >\n\t\t\t\t\t\t\t<div id=\"timeline-item-5378\" class=\"timeline-header\" style=\"\"><h3 class=\"ult-timeline-title ult-responsive\"  data-ultimate-target='#timeline-item-5378 .ult-timeline-title'  data-responsive-json-new='{\"font-size\":\"\",\"line-height\":\"\"}'  style=\"\">2016<\/h3><div class=\"ult-responsive timeline-item-spt\"  data-ultimate-target='#timeline-item-5378 .timeline-item-spt'  data-responsive-json-new='{\"font-size\":\"\",\"line-height\":\"\"}'  style=\"\"><\/p>\n<ul>\n<li>ADM do Brasil \u2013 An\u00e1lise de Risco: SIMOPS para a Implanta\u00e7\u00e3o de Novo Extrator e Vasos na Destilaria, Uberl\u00e2ndia, MG.<\/li>\n<li>AMBEV \u2013 Avalia\u00e7\u00e3o das modifica\u00e7\u00f5es na planta retificadora de etanol neutro (Base HazOp 2015) e verifica\u00e7\u00e3o de conformidades na documenta\u00e7\u00e3o de seguran\u00e7a de processo, Pira\u00ed, RJ;<\/li>\n<li>Grupo GUARANI \u2013 Consultoria em Seguran\u00e7a de Processo, Ol\u00edmpia, SP;<\/li>\n<li>BP-Biocombust\u00edveis \u2013 Unidade Itumbiara-Especifica\u00e7\u00e3o de v\u00e1lvulas quebra v\u00e1cuo para as colunas de destila\u00e7\u00e3o de etanol hidratado e anidro;<\/li>\n<\/ul>\n<p><\/div><\/div> <!-- header --><\/div><\/div><div class=\"timeline-block \"><div class=\"timeline-dot\"><\/div><div class=\"ult-timeline-arrow\"><s><\/s><l><\/l><\/div><div class=\"timeline-icon-block\"><div class=\"ult-timeline-icon tl-icon-no-bg\" style=\"   \"><\/div> <!-- icon --><\/div><div class=\"timeline-header-block\" >\n\t\t\t\t\t\t\t<div id=\"timeline-item-6269\" class=\"timeline-header\" style=\"\"><h3 class=\"ult-timeline-title ult-responsive\"  data-ultimate-target='#timeline-item-6269 .ult-timeline-title'  data-responsive-json-new='{\"font-size\":\"\",\"line-height\":\"\"}'  style=\"\">2014-2015<\/h3><div class=\"ult-responsive timeline-item-spt\"  data-ultimate-target='#timeline-item-6269 .timeline-item-spt'  data-responsive-json-new='{\"font-size\":\"\",\"line-height\":\"\"}'  style=\"\"><\/p>\n<ul>\n<li>JW-AMBEV-HAZOP da Unidade de destila\u00e7\u00e3o de etanol neutro de Pira\u00ed, RJ;<\/li>\n<li>BP-Biocombust\u00edveis &#8211; Unidades Tropical, Itumbiara e Ituiutaba:<\/li>\n<li>HAZOP &#8211; Sulfita\u00e7\u00e3o de Caldo;<\/li>\n<li>HAZOP &#8211; Sistema de Fertiirriga\u00e7\u00e3o;<\/li>\n<li>HAZOP &#8211; Base de Carga e descarga de etanol hidratado e anidro;<\/li>\n<li>FHA &#8211; Fire Hazard Analysis &#8211; Unidades Tropical-ITT e ITB;<\/li>\n<li>Revis\u00e3o do estudo de classifica\u00e7\u00e3o el\u00e9trica de \u00e1reas-Sistema de Transporte Pneum\u00e1tico de A\u00e7\u00facar;<\/li>\n<li>BP-Biocombust\u00edveis &#8211; HAZOP &#8211; Revis\u00e3o e adequa\u00e7\u00e3o do sist. de manuseio de baga\u00e7o de cana, Ed\u00e9ia GO;<\/li>\n<li>Grupo GUARANI &#8211; Usina Tanabi HAZOP &#8211; Implanta\u00e7\u00e3o de nova caldeira e turbina, SP;<\/li>\n<li>JW &#8211; Odebrecht Agroindustrial &#8211; HAZOP \u2013 Unidades de Peneira Molecular para Etanol Anidro, MS;<\/li>\n<\/ul>\n<p><\/div><\/div> <!-- header --><\/div><\/div><\/div><\/div><div class=\"ult-spacer spacer-69dc2b38aa7ee\" data-id=\"69dc2b38aa7ee\" data-height=\"20\" data-height-mobile=\"20\" data-height-tab=\"20\" data-height-tab-portrait=\"\" data-height-mobile-landscape=\"\" style=\"clear:both;display:block;\"><\/div>[\/vc_column][\/vc_row]<\/p>\n<\/div>","protected":false},"excerpt":{"rendered":"<p>[vc_row centered=&#8221;yes&#8221; bg_type=&#8221;image&#8221; parallax_style=&#8221;vcpb-default&#8221; bg_image_new=&#8221;id^1607|url^http:\/\/freesolo.com.br\/wp-content\/uploads\/2016\/11\/banner-sombra-equipe.jpg|caption^null|alt^null|title^banner-sombra-equipe|description^null&#8221; bg_image_repeat=&#8221;no-repeat&#8221; bg_image_size=&#8221;initial&#8221; bg_image_posiiton=&#8221;center left&#8221; padding_top=&#8221;115px&#8221; padding_bottom=&#8221;115px&#8221; sd_margin_bottom=&#8221;0px&#8221;][vc_column][\/vc_column][\/vc_row][vc_row centered=&#8221;yes&#8221; sd_margin_bottom=&#8221;0px&#8221;][vc_column][vc_row_inner][vc_column_inner][vc_column_text]Alguns trabalhos realizados[\/vc_column_text][\/vc_column_inner][\/vc_row_inner][\/vc_column][\/vc_row]<\/p>\n<div class=\"sd-more-wrapper\">\n<p><a class=\"sd-more sd-opacity-trans\" href=\"https:\/\/freesolo.com.br\/pse-freesolo\/inicio\/qualificacao\/#more-1197\">Ler Mais<\/a><\/p>\n<\/div>\n","protected":false},"author":1,"featured_media":0,"parent":21,"menu_order":0,"comment_status":"closed","ping_status":"closed","template":"full-width-page.php","meta":{"_exactmetrics_skip_tracking":false,"_exactmetrics_sitenote_active":false,"_exactmetrics_sitenote_note":"","_exactmetrics_sitenote_category":0,"footnotes":""},"class_list":["post-1197","page","type-page","status-publish","hentry"],"_links":{"self":[{"href":"https:\/\/freesolo.com.br\/pse-freesolo\/wp-json\/wp\/v2\/pages\/1197","targetHints":{"allow":["GET"]}}],"collection":[{"href":"https:\/\/freesolo.com.br\/pse-freesolo\/wp-json\/wp\/v2\/pages"}],"about":[{"href":"https:\/\/freesolo.com.br\/pse-freesolo\/wp-json\/wp\/v2\/types\/page"}],"author":[{"embeddable":true,"href":"https:\/\/freesolo.com.br\/pse-freesolo\/wp-json\/wp\/v2\/users\/1"}],"replies":[{"embeddable":true,"href":"https:\/\/freesolo.com.br\/pse-freesolo\/wp-json\/wp\/v2\/comments?post=1197"}],"version-history":[{"count":21,"href":"https:\/\/freesolo.com.br\/pse-freesolo\/wp-json\/wp\/v2\/pages\/1197\/revisions"}],"predecessor-version":[{"id":1969,"href":"https:\/\/freesolo.com.br\/pse-freesolo\/wp-json\/wp\/v2\/pages\/1197\/revisions\/1969"}],"up":[{"embeddable":true,"href":"https:\/\/freesolo.com.br\/pse-freesolo\/wp-json\/wp\/v2\/pages\/21"}],"wp:attachment":[{"href":"https:\/\/freesolo.com.br\/pse-freesolo\/wp-json\/wp\/v2\/media?parent=1197"}],"curies":[{"name":"wp","href":"https:\/\/api.w.org\/{rel}","templated":true}]}}