{"id":1251,"date":"2016-11-29T16:31:23","date_gmt":"2016-11-29T18:31:23","guid":{"rendered":"http:\/\/186.202.127.95\/~freesolo\/?page_id=1251"},"modified":"2016-12-12T11:25:55","modified_gmt":"2016-12-12T13:25:55","slug":"downloads","status":"publish","type":"page","link":"https:\/\/freesolo.com.br\/pse-freesolo\/downloads\/","title":{"rendered":"Download"},"content":{"rendered":"<div class=\"wpb-content-wrapper\"><p>[vc_row centered=&#8221;yes&#8221; bg_type=&#8221;image&#8221; parallax_style=&#8221;vcpb-default&#8221; bg_image_new=&#8221;id^1559|url^http:\/\/freesolo.com.br\/wp-content\/uploads\/2016\/11\/banner-sombra-download-1.jpg|caption^null|alt^null|title^banner-sombra-download|description^null&#8221; bg_image_repeat=&#8221;no-repeat&#8221; bg_image_size=&#8221;initial&#8221; bg_image_posiiton=&#8221;center left&#8221; padding_top=&#8221;115px&#8221; padding_bottom=&#8221;115px&#8221; sd_margin_bottom=&#8221;0px&#8221;][vc_column]<div id=\"ultimate-heading-304869dc2b4e5aac8\" class=\"uvc-heading ult-adjust-bottom-margin ultimate-heading-304869dc2b4e5aac8 uvc-6802 \" data-hspacer=\"line_only\"  data-halign=\"left\" style=\"text-align:left\"><div class=\"uvc-main-heading ult-responsive\"  data-ultimate-target='.uvc-heading.ultimate-heading-304869dc2b4e5aac8 h2'  data-responsive-json-new='{\"font-size\":\"desktop:36px;\",\"line-height\":\"\"}' ><h2 style=\"font-family:&#039;Roboto&#039;;font-weight:300;color:#243c4f;margin-bottom:10px;\">Download<\/h2><\/div><div class=\"uvc-heading-spacer line_only\" style=\"topheight:1px;\"><span class=\"uvc-headings-line\" style=\"border-style:solid;border-bottom-width:1px;border-color:#de8760;width:50px;\"><\/span><\/div><\/div>[\/vc_column][\/vc_row][vc_row centered=&#8221;yes&#8221; sd_margin_bottom=&#8221;0px&#8221;][vc_column]<div class=\"ult-spacer spacer-69dc2b4e5ab1b\" data-id=\"69dc2b4e5ab1b\" data-height=\"50\" data-height-mobile=\"50\" data-height-tab=\"50\" data-height-tab-portrait=\"\" data-height-mobile-landscape=\"\" style=\"clear:both;display:block;\"><\/div>[vc_row_inner][vc_column_inner][vc_column_text]\n    <script>\n        jQuery(function($){\n\n            var __dt = $('#wpdmmydls-d9d62aa6e35fad077f67406cdce4a0a7').dataTable({\n                \"dom\": '<\"wpdmdt-toolbar\"lfrB>t<\"wpdmdt-toolbarb\"ip>',\n                responsive: true,\n                \"order\": [[ 0, \"asc\" ]],\n                \"language\": {\n                    \"lengthMenu\": \" Exibir _MENU_ downloads por p\u00e1gina\",\n                    \"zeroRecords\": \" Nada _START_ para - desculpe\",\n                    \"info\": \" Mostrando _START_ to _END_ of _TOTAL_ downloads\",\n                    \"infoEmpty\": \" N\u00e3o h\u00e1 downloads dispon\u00edveis\",\n                    \"infoFiltered\": \" (filtrado do total de downloads de _MAX_)\",\n                    \"emptyTable\":     \" Sem dados dispon\u00edveis na tabela\",\n                    \"infoPostFix\":    \"\",\n                    \"thousands\":      \",\",\n                    \"loadingRecords\": \"Carregando...\",\n                    \"processing\":     \" Em Processamento...\",\n                    \"search\":         \"Buscar:\",\n                    \"paginate\": {\n                        \"first\":      \"Primeiro\",\n                        \"last\":       \"\u00daltimo\",\n                        \"next\":       \"Pr\u00f3ximo\",\n                        \"previous\":   \"Anterior\"\n                    },\n                    \"aria\": {\n                        \"sortAscending\":  \" :  ative para classificar coluna ascendente\",\n                        \"sortDescending\": \": ative para classificar coluna descendente\"\n                    }\n                },\n                \"iDisplayLength\": 20,\n                \"aLengthMenu\": [[20, 10, 25, 50, -1], [20, 10, 25, 50, \"Tudo\"]]\n            });\n\n                    });\n    <\/script>\n<style>\n    .wpdmdt-toolbar {\n        padding: 10px;\n    }\n    .wpdmdt-toolbarb {\n        padding: 5px 10px 10px;\n    }\n    .wpdmdt-toolbar > div {\n        display: inline-block;\n    }\n    table,td,th{\n        border: 0;\n    }\n    #wpdm-all-packages .card{\n        overflow: hidden;\n    }\n    .dataTables_wrapper .table{\n        margin: 0;\n    }\n    #wpdmmydls-d9d62aa6e35fad077f67406cdce4a0a7{\n        border-bottom: 1px solid #dddddd;\n        border-top: 1px solid #dddddd;\n        font-size: 10pt;\n        min-width: 100%;\n    }\n    #wpdmmydls-d9d62aa6e35fad077f67406cdce4a0a7 .wpdm-download-link img{\n        box-shadow: none !important;\n        max-width: 100%;\n    }\n    .w3eden .pagination{\n        margin: 0 !important;\n    }\n    #wpdmmydls-d9d62aa6e35fad077f67406cdce4a0a7 td:not(:first-child){\n        vertical-align: middle !important;\n    }\n    #wpdmmydls-d9d62aa6e35fad077f67406cdce4a0a7 td.__dt_col_download_link .btn{\n        display: flex;\n        width: 100%;\n    }\n    #wpdmmydls-d9d62aa6e35fad077f67406cdce4a0a7 td.__dt_col_download_link,\n    #wpdmmydls-d9d62aa6e35fad077f67406cdce4a0a7 th#download_link{\n        max-width: 155px !important;\n        width: 155px;\n\n    }\n    #wpdmmydls-d9d62aa6e35fad077f67406cdce4a0a7 th{\n        background-color: rgba(0,0,0,0.04);\n        border-bottom: 1px solid rgba(0,0,0,0.025);\n    }\n    #wpdmmydls-d9d62aa6e35fad077f67406cdce4a0a7_length label,\n    #wpdmmydls-d9d62aa6e35fad077f67406cdce4a0a7_filter label{\n        font-weight: 400;\n    }\n    #wpdmmydls-d9d62aa6e35fad077f67406cdce4a0a7_filter input[type=search]{\n        display: inline-block;\n        width: 200px;\n    }\n    #wpdmmydls-d9d62aa6e35fad077f67406cdce4a0a7_length select{\n        display: inline-block;\n        width: 60px;\n    }\n\n    #wpdmmydls-d9d62aa6e35fad077f67406cdce4a0a7 .package-title{\n        color:#36597C;\n        font-size: 11pt;\n        font-weight: 700;\n    }\n    #wpdmmydls-d9d62aa6e35fad077f67406cdce4a0a7 .small-txt{\n        margin-right: 7px;\n    }\n    #wpdmmydls-d9d62aa6e35fad077f67406cdce4a0a7 td{\n        min-width: 150px;\n    }\n\n    #wpdmmydls-d9d62aa6e35fad077f67406cdce4a0a7 td.__dt_col_categories{\n        max-width: 300px;\n    }\n\n    #wpdmmydls-d9d62aa6e35fad077f67406cdce4a0a7 .small-txt,\n    #wpdmmydls-d9d62aa6e35fad077f67406cdce4a0a7 small{\n        font-size: 9pt;\n    }\n    .w3eden .table-striped tbody tr:nth-of-type(2n+1) {\n        background-color: rgba(0,0,0,0.015);\n    }\n    .dataTables_wrapper .dataTables_paginate .paginate_button:active,\n    .dataTables_wrapper .dataTables_paginate .paginate_button:focus,\n    .dataTables_wrapper .dataTables_paginate .paginate_button:hover,\n    .dataTables_wrapper .dataTables_paginate .paginate_button{\n        margin: 0 !important;\n        padding: 0 !important;\n        border: 0 !important;\n        background: transparent !important;\n    }\n\n\n    @media (max-width: 799px) {\n        #wpdmmydls-d9d62aa6e35fad077f67406cdce4a0a7 tr {\n            display: block;\n            border: 3px solid rgba(0,0,0,0.3) !important;\n            margin-bottom: 10px !important;\n            position: relative;\n        }\n        #wpdmmydls-d9d62aa6e35fad077f67406cdce4a0a7 thead{\n            display: none;\n        }\n        #wpdmmydls-d9d62aa6e35fad077f67406cdce4a0a7,\n        #wpdmmydls-d9d62aa6e35fad077f67406cdce4a0a7 td:first-child {\n            border: 0 !important;\n        }\n        #wpdmmydls-d9d62aa6e35fad077f67406cdce4a0a7 td {\n            display: block;\n        }\n        #wpdmmydls-d9d62aa6e35fad077f67406cdce4a0a7 td.__dt_col_download_link {\n            display: block;\n            max-width: 100% !important;\n            width: auto !important;\n\n        }\n    }\n\n\n<\/style>\n<div class=\"w3eden\">\n    <div id=\"wpdm-all-packages\">\n        <table id=\"wpdmmydls-d9d62aa6e35fad077f67406cdce4a0a7\" class=\"table table-striped wpdm-all-packages-table\">\n            <thead>\n            <tr>\n                                <th style=\"\"  id=\"pagelink\" class=\"\">T\u00edtulo<\/th>\n                                <th style=\"\"  id=\"categories\" class=\"hidden-sm hidden-xs\">Categorias<\/th>\n                                <th style=\"\"  id=\"updatedate\" class=\"hidden-sm hidden-xs\"> Data de atualiza\u00e7\u00e3o<\/th>\n                                <th style=\"\"  id=\"downloadlink\" class=\"hidden-sm hidden-xs\">Download<\/th>\n                \n            <\/tr>\n            <\/thead>\n            <tbody>\n            \n                    <tr class=\"__dt_row\">\n                                                <td  class=\"__dt_col_0 __dt_col __dt_col_page_link\" style=\"background-image: url('https:\/\/freesolo.com.br\/pse-freesolo\/wp-content\/plugins\/download-manager\/assets\/file-type-icons\/pdf.svg');background-size: 36px;background-position: 5px 8px;background-repeat:  no-repeat;padding-left: 52px;line-height: normal;\">\n                            <a class=\"package-title\" href='https:\/\/freesolo.com.br\/pse-freesolo\/download\/catalogo-freesolo-2019\/'>Cat\u00e1logo FreeSolo 2019<\/a><br\/><span class='__dt_file_count small-txt'>1<\/span><span class='__dt_download_count small-txt'><i class=\"far fa-arrow-alt-circle-down\"><\/i> 8 downloads<\/span><div class=\"hidden-md hidden-lg td-mobile\"><\/div>\n\n                        <\/td>\n                                                <td  class=\"__dt_col_1 __dt_col __dt_col_categories\" >\n                            <span class='__dt_categories '><a class='sbyc' href='https:\/\/freesolo.com.br\/pse-freesolo\/downloads\/?tax%5Bwpdmcategory%5D=publico'>P\u00fablico<\/a><\/span>\n\n                        <\/td>\n                                                <td  data-order=\"1606262400\"  class=\"__dt_col_2 __dt_col __dt_col_update_date\" >\n                            <span class='__dt_update_date '>25\/11\/2020<\/span>\n\n                        <\/td>\n                                                <td  class=\"__dt_col_3 __dt_col __dt_col_download_link\" >\n                            <a class='wpdm-download-link download-on-click btn btn-primary ' rel='nofollow' href='#' data-downloadurl=\"https:\/\/freesolo.com.br\/pse-freesolo\/download\/catalogo-freesolo-2019\/?wpdmdl=1959&refresh=69dc2b4e5d5201776036686\">Download<\/a>\n\n                        <\/td>\n                        \n                    <\/tr>\n                \n                    <tr class=\"__dt_row\">\n                                                <td  class=\"__dt_col_0 __dt_col __dt_col_page_link\" style=\"background-image: url('https:\/\/freesolo.com.br\/pse-freesolo\/wp-content\/plugins\/download-manager\/assets\/file-type-icons\/pdf.svg');background-size: 36px;background-position: 5px 8px;background-repeat:  no-repeat;padding-left: 52px;line-height: normal;\">\n                            <a class=\"package-title\" href='https:\/\/freesolo.com.br\/pse-freesolo\/download\/catalogo-de-servicos-pse-freesolo\/'>Cat\u00e1logo de Servi\u00e7os 2017<\/a><br\/><span class='__dt_file_count small-txt'>1<\/span><span class='__dt_download_count small-txt'><i class=\"far fa-arrow-alt-circle-down\"><\/i> 13 downloads<\/span><div class=\"hidden-md hidden-lg td-mobile\"><\/div>\n\n                        <\/td>\n                                                <td  class=\"__dt_col_1 __dt_col __dt_col_categories\" >\n                            <span class='__dt_categories '><a class='sbyc' href='https:\/\/freesolo.com.br\/pse-freesolo\/downloads\/?tax%5Bwpdmcategory%5D=publico'>P\u00fablico<\/a><\/span>\n\n                        <\/td>\n                                                <td  data-order=\"1513728000\"  class=\"__dt_col_2 __dt_col __dt_col_update_date\" >\n                            <span class='__dt_update_date '>20\/12\/2017<\/span>\n\n                        <\/td>\n                                                <td  class=\"__dt_col_3 __dt_col __dt_col_download_link\" >\n                            <a class='wpdm-download-link download-on-click btn btn-primary ' rel='nofollow' href='#' data-downloadurl=\"https:\/\/freesolo.com.br\/pse-freesolo\/download\/catalogo-de-servicos-pse-freesolo\/?wpdmdl=1936&refresh=69dc2b4e5e6f21776036686\">Download<\/a>\n\n                        <\/td>\n                        \n                    <\/tr>\n                \n                    <tr class=\"__dt_row\">\n                                                <td  class=\"__dt_col_0 __dt_col __dt_col_page_link\" style=\"background-image: url('https:\/\/freesolo.com.br\/pse-freesolo\/wp-content\/plugins\/download-manager\/assets\/file-type-icons\/pdf.svg');background-size: 36px;background-position: 5px 8px;background-repeat:  no-repeat;padding-left: 52px;line-height: normal;\">\n                            <a class=\"package-title\" href='https:\/\/freesolo.com.br\/pse-freesolo\/download\/servicos-pse-freesolo-2017-resumo-fy-17-1\/'>Servi\u00e7os PSE-Freesolo 2017 (Resumo Fy-17-1)<\/a><br\/><span class='__dt_file_count small-txt'>1<\/span><span class='__dt_download_count small-txt'><i class=\"far fa-arrow-alt-circle-down\"><\/i> 18 downloads<\/span><div class=\"hidden-md hidden-lg td-mobile\"><\/div>\n\n                        <\/td>\n                                                <td  class=\"__dt_col_1 __dt_col __dt_col_categories\" >\n                            <span class='__dt_categories '><a class='sbyc' href='https:\/\/freesolo.com.br\/pse-freesolo\/downloads\/?tax%5Bwpdmcategory%5D=publico'>P\u00fablico<\/a><\/span>\n\n                        <\/td>\n                                                <td  data-order=\"1484524800\"  class=\"__dt_col_2 __dt_col __dt_col_update_date\" >\n                            <span class='__dt_update_date '>16\/01\/2017<\/span>\n\n                        <\/td>\n                                                <td  class=\"__dt_col_3 __dt_col __dt_col_download_link\" >\n                            <a class='wpdm-download-link download-on-click btn btn-primary ' rel='nofollow' href='#' data-downloadurl=\"https:\/\/freesolo.com.br\/pse-freesolo\/download\/servicos-pse-freesolo-2017-resumo-fy-17-1\/?wpdmdl=1897&refresh=69dc2b4e5f8b21776036686\">Download<\/a>\n\n                        <\/td>\n                        \n                    <\/tr>\n                                        <\/tbody>\n        <\/table>\n\n        <div class='text-center'><ul class='pagination wpdm-pagination pagination-centered text-center'><\/ul><\/div>\n    <\/div>\n<\/div>\n[\/vc_column_text][\/vc_column_inner][\/vc_row_inner]<div class=\"ult-spacer spacer-69dc2b4e5fbcc\" data-id=\"69dc2b4e5fbcc\" data-height=\"20\" data-height-mobile=\"20\" data-height-tab=\"20\" data-height-tab-portrait=\"\" data-height-mobile-landscape=\"\" style=\"clear:both;display:block;\"><\/div>[\/vc_column][\/vc_row]<\/p>\n<\/div>","protected":false},"excerpt":{"rendered":"<p>[vc_row centered=&#8221;yes&#8221; bg_type=&#8221;image&#8221; parallax_style=&#8221;vcpb-default&#8221; bg_image_new=&#8221;id^1559|url^http:\/\/freesolo.com.br\/wp-content\/uploads\/2016\/11\/banner-sombra-download-1.jpg|caption^null|alt^null|title^banner-sombra-download|description^null&#8221; bg_image_repeat=&#8221;no-repeat&#8221; bg_image_size=&#8221;initial&#8221; bg_image_posiiton=&#8221;center left&#8221; padding_top=&#8221;115px&#8221; padding_bottom=&#8221;115px&#8221; sd_margin_bottom=&#8221;0px&#8221;][vc_column][\/vc_column][\/vc_row][vc_row centered=&#8221;yes&#8221; sd_margin_bottom=&#8221;0px&#8221;][vc_column][vc_row_inner][vc_column_inner][vc_column_text][\/vc_column_text][\/vc_column_inner][\/vc_row_inner][\/vc_column][\/vc_row]<\/p>\n<div class=\"sd-more-wrapper\">\n<p><a class=\"sd-more sd-opacity-trans\" href=\"https:\/\/freesolo.com.br\/pse-freesolo\/download\/servicos-pse-freesolo-2017-resumo-fy-17-1\/#more-1897\">Ler Mais<\/a><\/p>\n<\/div>\n","protected":false},"author":1,"featured_media":0,"parent":0,"menu_order":0,"comment_status":"closed","ping_status":"closed","template":"full-width-page.php","meta":{"_exactmetrics_skip_tracking":false,"_exactmetrics_sitenote_active":false,"_exactmetrics_sitenote_note":"","_exactmetrics_sitenote_category":0,"footnotes":""},"class_list":["post-1251","page","type-page","status-publish","hentry"],"_links":{"self":[{"href":"https:\/\/freesolo.com.br\/pse-freesolo\/wp-json\/wp\/v2\/pages\/1251","targetHints":{"allow":["GET"]}}],"collection":[{"href":"https:\/\/freesolo.com.br\/pse-freesolo\/wp-json\/wp\/v2\/pages"}],"about":[{"href":"https:\/\/freesolo.com.br\/pse-freesolo\/wp-json\/wp\/v2\/types\/page"}],"author":[{"embeddable":true,"href":"https:\/\/freesolo.com.br\/pse-freesolo\/wp-json\/wp\/v2\/users\/1"}],"replies":[{"embeddable":true,"href":"https:\/\/freesolo.com.br\/pse-freesolo\/wp-json\/wp\/v2\/comments?post=1251"}],"version-history":[{"count":11,"href":"https:\/\/freesolo.com.br\/pse-freesolo\/wp-json\/wp\/v2\/pages\/1251\/revisions"}],"predecessor-version":[{"id":1561,"href":"https:\/\/freesolo.com.br\/pse-freesolo\/wp-json\/wp\/v2\/pages\/1251\/revisions\/1561"}],"wp:attachment":[{"href":"https:\/\/freesolo.com.br\/pse-freesolo\/wp-json\/wp\/v2\/media?parent=1251"}],"curies":[{"name":"wp","href":"https:\/\/api.w.org\/{rel}","templated":true}]}}