{"id":1714,"date":"2016-12-15T18:05:47","date_gmt":"2016-12-15T20:05:47","guid":{"rendered":"http:\/\/freesolo.com.br\/pse-freesolo\/?page_id=1714"},"modified":"2016-12-26T15:11:35","modified_gmt":"2016-12-26T17:11:35","slug":"energia","status":"publish","type":"page","link":"https:\/\/freesolo.com.br\/pse-freesolo\/servicos\/energia\/","title":{"rendered":"Energia"},"content":{"rendered":"<div class=\"wpb-content-wrapper\"><p>[vc_row centered=&#8221;yes&#8221; bg_type=&#8221;bg_color&#8221; padding_top=&#8221;50px&#8221; padding_bottom=&#8221;50px&#8221; sd_margin_bottom=&#8221;0px&#8221; bg_color_value=&#8221;#eaeaea&#8221;][vc_column]<div id=\"ultimate-heading-293069dc2b4040cb8\" class=\"uvc-heading ult-adjust-bottom-margin ultimate-heading-293069dc2b4040cb8 uvc-8296 \" data-hspacer=\"line_only\"  data-halign=\"left\" style=\"text-align:left\"><div class=\"uvc-main-heading ult-responsive\"  data-ultimate-target='.uvc-heading.ultimate-heading-293069dc2b4040cb8 h2'  data-responsive-json-new='{\"font-size\":\"desktop:36px;\",\"line-height\":\"\"}' ><h2 style=\"font-family:&#039;Roboto&#039;;font-weight:bold;color:#565d66;margin-bottom:10px;\">Energia<\/h2><\/div><div class=\"uvc-heading-spacer line_only\" style=\"topheight:2px;\"><span class=\"uvc-headings-line\" style=\"border-style:solid;border-bottom-width:2px;border-color:#de8760;width:400px;\"><\/span><\/div><\/div>[\/vc_column][\/vc_row][vc_row centered=&#8221;yes&#8221; sd_margin_bottom=&#8221;0px&#8221;][vc_column width=&#8221;3\/4&#8243;]<div class=\"ult-spacer spacer-69dc2b4040d14\" data-id=\"69dc2b4040d14\" data-height=\"50\" data-height-mobile=\"50\" data-height-tab=\"50\" data-height-tab-portrait=\"\" data-height-mobile-landscape=\"\" style=\"clear:both;display:block;\"><\/div>[vc_column_text]Estudos de melhorias em sistemas energ\u00e9ticos industriais:[\/vc_column_text]<div class=\"smile_icon_list_wrap ult_info_list_container ult-adjust-bottom-margin  \"><ul class=\"smile_icon_list left circle with_bg\"><li class=\"icon_list_item\" style=\" font-size:30px;\"><div class=\"icon_list_icon\" data-animation=\"\" data-animation-delay=\"03\" style=\"font-size:10px;border-width:1px;border-style:none;background:#de8760;color:#ffffff;border-color:#333333;\"><i class=\"Defaults-check\" ><\/i><\/div><div class=\"icon_description\" id=\"Info-list-wrap-5733\" style=\"font-size:10px;\"><h3 class=\"ult-responsive info-list-heading\"  data-ultimate-target='#Info-list-wrap-5733 h3'  data-responsive-json-new='{\"font-size\":\"desktop:16px;\",\"line-height\":\"desktop:24px;\"}'  style=\"\">Convers\u00f5es de energia (caldeiras, fornos, equipamentos rotativos);<\/h3><div class=\"icon_description_text ult-responsive\"  data-ultimate-target='#Info-list-wrap-5733 .icon_description_text'  data-responsive-json-new='{\"font-size\":\"desktop:16px;\",\"line-height\":\"desktop:25px;\"}'  style=\"\"><\/div><\/div><div class=\"icon_list_connector\"  style=\"border-right-width: 1px;border-right-style: dashed;border-color: #de8760;\"><\/div><\/li><li class=\"icon_list_item\" style=\" font-size:30px;\"><div class=\"icon_list_icon\" data-animation=\"\" data-animation-delay=\"03\" style=\"font-size:10px;border-width:1px;border-style:none;background:#de8760;color:#ffffff;border-color:#333333;\"><i class=\"Defaults-check\" ><\/i><\/div><div class=\"icon_description\" id=\"Info-list-wrap-6684\" style=\"font-size:10px;\"><h3 class=\"ult-responsive info-list-heading\"  data-ultimate-target='#Info-list-wrap-6684 h3'  data-responsive-json-new='{\"font-size\":\"desktop:16px;\",\"line-height\":\"desktop:24px;\"}'  style=\"\">Distribui\u00e7\u00e3o de energia (eletricidade, vapor, condensado, ar comprimido, \u00e1gua e outros);<\/h3><div class=\"icon_description_text ult-responsive\"  data-ultimate-target='#Info-list-wrap-6684 .icon_description_text'  data-responsive-json-new='{\"font-size\":\"desktop:16px;\",\"line-height\":\"desktop:25px;\"}'  style=\"\"><\/div><\/div><div class=\"icon_list_connector\"  style=\"border-right-width: 1px;border-right-style: dashed;border-color: #de8760;\"><\/div><\/li><li class=\"icon_list_item\" style=\" font-size:30px;\"><div class=\"icon_list_icon\" data-animation=\"\" data-animation-delay=\"03\" style=\"font-size:10px;border-width:1px;border-style:none;background:#de8760;color:#ffffff;border-color:#333333;\"><i class=\"Defaults-check\" ><\/i><\/div><div class=\"icon_description\" id=\"Info-list-wrap-1816\" style=\"font-size:10px;\"><h3 class=\"ult-responsive info-list-heading\"  data-ultimate-target='#Info-list-wrap-1816 h3'  data-responsive-json-new='{\"font-size\":\"desktop:16px;\",\"line-height\":\"desktop:24px;\"}'  style=\"\">Melhoria da efici\u00eancia no consumo final de energia (equipamentos e edifica\u00e7\u00f5es);<\/h3><div class=\"icon_description_text ult-responsive\"  data-ultimate-target='#Info-list-wrap-1816 .icon_description_text'  data-responsive-json-new='{\"font-size\":\"desktop:16px;\",\"line-height\":\"desktop:25px;\"}'  style=\"\"><\/div><\/div><div class=\"icon_list_connector\"  style=\"border-right-width: 1px;border-right-style: dashed;border-color: #de8760;\"><\/div><\/li><\/ul><\/div>[\/vc_column][vc_column width=&#8221;1\/4&#8243; height=&#8221;50&#8243; height_on_tabs=&#8221;&#8221; height_on_tabs_portrait=&#8221;&#8221; height_on_mob_landscape=&#8221;&#8221; height_on_mob=&#8221;&#8221;]<div class=\"ult-spacer spacer-69dc2b4040ea8\" data-id=\"69dc2b4040ea8\" data-height=\"50\" data-height-mobile=\"50\" data-height-tab=\"50\" data-height-tab-portrait=\"\" data-height-mobile-landscape=\"\" style=\"clear:both;display:block;\"><\/div>[\/vc_column][\/vc_row][vc_row centered=&#8221;yes&#8221; sd_margin_bottom=&#8221;0px&#8221;][vc_column][vc_column_text]<img loading=\"lazy\" decoding=\"async\" class=\"alignleft wp-image-1868 size-medium\" src=\"http:\/\/freesolo.com.br\/pse-freesolo\/wp-content\/uploads\/2016\/12\/261216-Energia-Trocador-300x225.jpg\" width=\"300\" height=\"225\" srcset=\"https:\/\/freesolo.com.br\/pse-freesolo\/wp-content\/uploads\/2016\/12\/261216-Energia-Trocador-300x225.jpg 300w, https:\/\/freesolo.com.br\/pse-freesolo\/wp-content\/uploads\/2016\/12\/261216-Energia-Trocador-768x576.jpg 768w, https:\/\/freesolo.com.br\/pse-freesolo\/wp-content\/uploads\/2016\/12\/261216-Energia-Trocador-1024x769.jpg 1024w, https:\/\/freesolo.com.br\/pse-freesolo\/wp-content\/uploads\/2016\/12\/261216-Energia-Trocador.jpg 1600w\" sizes=\"auto, (max-width: 300px) 100vw, 300px\" \/>Realiza\u00e7\u00e3o de diagn\u00f3stico e balan\u00e7o de energ\u00e9tico com objetivo de mapear o consumo e identificar oportunidades de ganhos na matriz de energia da unidade.<\/p>\n<p>Estudo de viabilidade para substitui\u00e7\u00e3o, parcial ou total, de combust\u00edveis f\u00f3sseis (petr\u00f3leo, g\u00e1s e carv\u00e3o) e de energia el\u00e9trica por energia solar t\u00e9rmica e fotovoltaica, e\u00f3lica, biog\u00e1s, biodiesel e biomassa (res\u00edduos).<\/p>\n<p>Estudos e projetos para diferentes tecnologias de combust\u00e3o no uso de res\u00edduos agr\u00edcolas, florestais e industriais para gera\u00e7\u00e3o de energia (t\u00e9rmica, mec\u00e2nica ou el\u00e9trica), tais como serragem, cavacos de madeira, casca de arroz, palha de milho, baga\u00e7o de cana, finos de carv\u00e3o e outros.<\/p>\n<p>Estudos e projetos para uso de biog\u00e1s. A decomposi\u00e7\u00e3o da mat\u00e9ria org\u00e2nica por microrganismos produz g\u00e1s metano, um dos gases que mais contribuem para o efeito estufa e que pode ser usado como um combust\u00edvel (biog\u00e1s), com uso na gera\u00e7\u00e3o de calor e de eletricidade em substitui\u00e7\u00e3o a outras fontes convencionais, com redu\u00e7\u00e3o nos custos e ainda contribuindo para a redu\u00e7\u00e3o do efeito estufa. O biog\u00e1s \u00e9 gerado nos aterros sanit\u00e1rios, na decomposi\u00e7\u00e3o de res\u00edduos vegetais em geral, plantas aqu\u00e1ticas, esgoto sanit\u00e1rio e outras fontes.<\/p>\n<p>Manter a matriz energ\u00e9tica otimizada \u00e9 um desafio permanente, em fun\u00e7\u00e3o das inova\u00e7\u00f5es tecnol\u00f3gicas e flutua\u00e7\u00f5es dos pre\u00e7os no mercado.[\/vc_column_text]<div class=\" ubtn-ctn-center \"><a class=\"ubtn-link ult-adjust-bottom-margin ubtn-center ubtn-normal \" href=\"\/pse-freesolo\/contato\/\" title=\"Fale Conosco\" ><button type=\"button\" id=\"ubtn-2601\"  class=\"ubtn ult-adjust-bottom-margin ult-responsive ubtn-normal ubtn-fade-bg  none  ubtn-sep-icon ubtn-sep-icon-top-push  ubtn-center   tooltip-69dc2b4040ebf\"  data-hover=\"\" data-border-color=\"\" data-bg=\"#de7860\" data-hover-bg=\"\" data-border-hover=\"\" data-shadow-hover=\"\" data-shadow-click=\"none\" data-shadow=\"\" data-shd-shadow=\"\"  data-ultimate-target='#ubtn-2601'  data-responsive-json-new='{\"font-size\":\"desktop:30px;\",\"line-height\":\"\"}'  style=\"font-weight:normal;border:none;background: #de7860;color: #ffffff;\"><span class=\"ubtn-data ubtn-icon\"><i class=\"fontawesome-wechat weixin\" style=\"font-size:32px;color:#ffffff;\"><\/i><\/span><span class=\"ubtn-hover\" style=\"background-color:\"><\/span><span class=\"ubtn-data ubtn-text \" >Fale Conosco<\/span><\/button><\/a><\/div><div class=\"ult-spacer spacer-69dc2b4040eee\" data-id=\"69dc2b4040eee\" data-height=\"50\" data-height-mobile=\"50\" data-height-tab=\"50\" data-height-tab-portrait=\"\" data-height-mobile-landscape=\"\" style=\"clear:both;display:block;\"><\/div>[\/vc_column][\/vc_row]<\/p>\n<\/div>","protected":false},"excerpt":{"rendered":"<p>[vc_row centered=&#8221;yes&#8221; bg_type=&#8221;bg_color&#8221; padding_top=&#8221;50px&#8221; padding_bottom=&#8221;50px&#8221; sd_margin_bottom=&#8221;0px&#8221; bg_color_value=&#8221;#eaeaea&#8221;][vc_column][\/vc_column][\/vc_row][vc_row centered=&#8221;yes&#8221; sd_margin_bottom=&#8221;0px&#8221;][vc_column width=&#8221;3\/4&#8243;][vc_column_text]Estudos de melhorias em sistemas energ\u00e9ticos industriais:[\/vc_column_text][\/vc_column][vc_column width=&#8221;1\/4&#8243; height=&#8221;50&#8243; height_on_tabs=&#8221;&#8221; height_on_tabs_portrait=&#8221;&#8221; height_on_mob_landscape=&#8221;&#8221; height_on_mob=&#8221;&#8221;][\/vc_column][\/vc_row][vc_row centered=&#8221;yes&#8221; sd_margin_bottom=&#8221;0px&#8221;][vc_column][vc_column_text]Realiza\u00e7\u00e3o de diagn\u00f3stico e balan\u00e7o de energ\u00e9tico com objetivo de mapear o consumo e identificar oportunidades de ganhos na matriz de energia da unidade. Estudo de viabilidade<\/p>\n<div class=\"sd-more-wrapper\">\n<p><a class=\"sd-more sd-opacity-trans\" href=\"https:\/\/freesolo.com.br\/pse-freesolo\/servicos\/energia\/#more-1714\">Ler Mais<\/a><\/p>\n<\/div>\n","protected":false},"author":1,"featured_media":0,"parent":338,"menu_order":0,"comment_status":"closed","ping_status":"closed","template":"full-width-page.php","meta":{"_exactmetrics_skip_tracking":false,"_exactmetrics_sitenote_active":false,"_exactmetrics_sitenote_note":"","_exactmetrics_sitenote_category":0,"footnotes":""},"class_list":["post-1714","page","type-page","status-publish","hentry"],"_links":{"self":[{"href":"https:\/\/freesolo.com.br\/pse-freesolo\/wp-json\/wp\/v2\/pages\/1714","targetHints":{"allow":["GET"]}}],"collection":[{"href":"https:\/\/freesolo.com.br\/pse-freesolo\/wp-json\/wp\/v2\/pages"}],"about":[{"href":"https:\/\/freesolo.com.br\/pse-freesolo\/wp-json\/wp\/v2\/types\/page"}],"author":[{"embeddable":true,"href":"https:\/\/freesolo.com.br\/pse-freesolo\/wp-json\/wp\/v2\/users\/1"}],"replies":[{"embeddable":true,"href":"https:\/\/freesolo.com.br\/pse-freesolo\/wp-json\/wp\/v2\/comments?post=1714"}],"version-history":[{"count":9,"href":"https:\/\/freesolo.com.br\/pse-freesolo\/wp-json\/wp\/v2\/pages\/1714\/revisions"}],"predecessor-version":[{"id":1871,"href":"https:\/\/freesolo.com.br\/pse-freesolo\/wp-json\/wp\/v2\/pages\/1714\/revisions\/1871"}],"up":[{"embeddable":true,"href":"https:\/\/freesolo.com.br\/pse-freesolo\/wp-json\/wp\/v2\/pages\/338"}],"wp:attachment":[{"href":"https:\/\/freesolo.com.br\/pse-freesolo\/wp-json\/wp\/v2\/media?parent=1714"}],"curies":[{"name":"wp","href":"https:\/\/api.w.org\/{rel}","templated":true}]}}