{"id":1716,"date":"2016-12-15T18:19:57","date_gmt":"2016-12-15T20:19:57","guid":{"rendered":"http:\/\/freesolo.com.br\/pse-freesolo\/?page_id=1716"},"modified":"2016-12-26T14:52:48","modified_gmt":"2016-12-26T16:52:48","slug":"engenharia","status":"publish","type":"page","link":"https:\/\/freesolo.com.br\/pse-freesolo\/servicos\/engenharia\/","title":{"rendered":"Engenharia"},"content":{"rendered":"<div class=\"wpb-content-wrapper\"><p>[vc_row centered=&#8221;yes&#8221; bg_type=&#8221;bg_color&#8221; padding_top=&#8221;50px&#8221; padding_bottom=&#8221;50px&#8221; sd_margin_bottom=&#8221;0px&#8221; bg_color_value=&#8221;#eaeaea&#8221;][vc_column]<div id=\"ultimate-heading-865869dc2b37dd32d\" class=\"uvc-heading ult-adjust-bottom-margin ultimate-heading-865869dc2b37dd32d uvc-6992 \" data-hspacer=\"line_only\"  data-halign=\"left\" style=\"text-align:left\"><div class=\"uvc-main-heading ult-responsive\"  data-ultimate-target='.uvc-heading.ultimate-heading-865869dc2b37dd32d h2'  data-responsive-json-new='{\"font-size\":\"desktop:36px;\",\"line-height\":\"\"}' ><h2 style=\"font-family:&#039;Roboto&#039;;font-weight:bold;color:#565d66;margin-bottom:10px;\">Engenharia<\/h2><\/div><div class=\"uvc-heading-spacer line_only\" style=\"topheight:2px;\"><span class=\"uvc-headings-line\" style=\"border-style:solid;border-bottom-width:2px;border-color:#de8760;width:400px;\"><\/span><\/div><\/div>[\/vc_column][\/vc_row][vc_row centered=&#8221;yes&#8221; sd_margin_bottom=&#8221;0px&#8221;][vc_column]<div class=\"ult-spacer spacer-69dc2b37dd3aa\" data-id=\"69dc2b37dd3aa\" data-height=\"50\" data-height-mobile=\"50\" data-height-tab=\"50\" data-height-tab-portrait=\"\" data-height-mobile-landscape=\"\" style=\"clear:both;display:block;\"><\/div><div id=\"ultimate-heading-162269dc2b37dd3dd\" class=\"uvc-heading ult-adjust-bottom-margin ultimate-heading-162269dc2b37dd3dd uvc-9234 \" data-hspacer=\"line_only\"  data-halign=\"left\" style=\"text-align:left\"><div class=\"uvc-main-heading ult-responsive\"  data-ultimate-target='.uvc-heading.ultimate-heading-162269dc2b37dd3dd h3'  data-responsive-json-new='{\"font-size\":\"\",\"line-height\":\"\"}' ><h3 style=\"font-weight:normal;\">Engenharia de Processo<\/h3><\/div><div class=\"uvc-heading-spacer line_only\" style=\"topheight:1px;\"><span class=\"uvc-headings-line\" style=\"border-style:solid;border-bottom-width:1px;border-color:#de8760;width:150px;\"><\/span><\/div><\/div><div class=\"ult-spacer spacer-69dc2b37dd424\" data-id=\"69dc2b37dd424\" data-height=\"20\" data-height-mobile=\"20\" data-height-tab=\"20\" data-height-tab-portrait=\"\" data-height-mobile-landscape=\"\" style=\"clear:both;display:block;\"><\/div>[vc_row_inner][vc_column_inner][vc_column_text]<img loading=\"lazy\" decoding=\"async\" class=\"alignleft wp-image-1766\" src=\"http:\/\/freesolo.com.br\/pse-freesolo\/wp-content\/uploads\/2016\/12\/Engenharia-PSE.jpg\" width=\"400\" height=\"203\" \/>A engenharia de processo contribui de maneira s\u00f3lida para compreens\u00e3o dos processos industriais, inter-rela\u00e7\u00e3o de vari\u00e1veis, identifica\u00e7\u00e3o de problemas e aumento de efici\u00eancia e produtividade. Processos industriais quando operam abaixo das condi\u00e7\u00f5es ideais para as quais foram projetadas, devem passar por adequa\u00e7\u00e3o de documentos de engenharia, elabora\u00e7\u00e3o de c\u00e1lculos e revis\u00f5es das condi\u00e7\u00f5es operacionais, interpreta\u00e7\u00e3o e aplica\u00e7\u00e3o de Normas T\u00e9cnicas, detalhamento de instala\u00e7\u00f5es e controle e instrumenta\u00e7\u00e3o, estabelecendo novas estrat\u00e9gias de controle que permitam otimizar os resultados da empresa. Nossos estudos sempre combinam par\u00e2metros de engenharia econ\u00f4mica com avalia\u00e7\u00e3o do custo-benef\u00edcio para cada alternativa apresentada na melhoria dos processos.<\/p>\n<p>Alguns estudos:[\/vc_column_text]<div class=\"smile_icon_list_wrap ult_info_list_container ult-adjust-bottom-margin  \"><ul class=\"smile_icon_list left circle with_bg\"><li class=\"icon_list_item\" style=\" font-size:30px;\"><div class=\"icon_list_icon\" data-animation=\"\" data-animation-delay=\"03\" style=\"font-size:10px;border-width:1px;border-style:none;background:#de8760;color:#ffffff;border-color:#333333;\"><i class=\"Defaults-check\" ><\/i><\/div><div class=\"icon_description\" id=\"Info-list-wrap-5069\" style=\"font-size:10px;\"><div class=\"icon_description_text ult-responsive\"  data-ultimate-target='#Info-list-wrap-5069 .icon_description_text'  data-responsive-json-new='{\"font-size\":\"desktop:16px;\",\"line-height\":\"desktop:25px;\"}'  style=\"\"><p>Planejamento da produ\u00e7\u00e3o, opera\u00e7\u00e3o e <em>housekeeping;<\/em><\/p>\n<\/div><\/div><div class=\"icon_list_connector\"  style=\"border-right-width: 1px;border-right-style: dashed;border-color: #de8760;\"><\/div><\/li><li class=\"icon_list_item\" style=\" font-size:30px;\"><div class=\"icon_list_icon\" data-animation=\"\" data-animation-delay=\"03\" style=\"font-size:10px;border-width:1px;border-style:none;background:#de8760;color:#ffffff;border-color:#333333;\"><i class=\"Defaults-check\" ><\/i><\/div><div class=\"icon_description\" id=\"Info-list-wrap-3773\" style=\"font-size:10px;\"><div class=\"icon_description_text ult-responsive\"  data-ultimate-target='#Info-list-wrap-3773 .icon_description_text'  data-responsive-json-new='{\"font-size\":\"desktop:16px;\",\"line-height\":\"desktop:25px;\"}'  style=\"\"><p>Aspectos gerenciais e comportamentais (fluxo de informa\u00e7\u00f5es, obten\u00e7\u00e3o e an\u00e1lise de dados, <em>feedback<\/em>, treinamento, motiva\u00e7\u00e3o e outros);<\/p>\n<\/div><\/div><div class=\"icon_list_connector\"  style=\"border-right-width: 1px;border-right-style: dashed;border-color: #de8760;\"><\/div><\/li><li class=\"icon_list_item\" style=\" font-size:30px;\"><div class=\"icon_list_icon\" data-animation=\"\" data-animation-delay=\"03\" style=\"font-size:10px;border-width:1px;border-style:none;background:#de8760;color:#ffffff;border-color:#333333;\"><i class=\"Defaults-check\" ><\/i><\/div><div class=\"icon_description\" id=\"Info-list-wrap-8429\" style=\"font-size:10px;\"><div class=\"icon_description_text ult-responsive\"  data-ultimate-target='#Info-list-wrap-8429 .icon_description_text'  data-responsive-json-new='{\"font-size\":\"desktop:16px;\",\"line-height\":\"desktop:25px;\"}'  style=\"\"><p>Estudos espec\u00edficos e treinamentos em engenharia de processo e engenharia econ\u00f4mica (VPL, TIR, Payback e outros);<\/p>\n<\/div><\/div><div class=\"icon_list_connector\"  style=\"border-right-width: 1px;border-right-style: dashed;border-color: #de8760;\"><\/div><\/li><li class=\"icon_list_item\" style=\" font-size:30px;\"><div class=\"icon_list_icon\" data-animation=\"\" data-animation-delay=\"03\" style=\"font-size:10px;border-width:1px;border-style:none;background:#de8760;color:#ffffff;border-color:#333333;\"><i class=\"Defaults-check\" ><\/i><\/div><div class=\"icon_description\" id=\"Info-list-wrap-3972\" style=\"font-size:10px;\"><div class=\"icon_description_text ult-responsive\"  data-ultimate-target='#Info-list-wrap-3972 .icon_description_text'  data-responsive-json-new='{\"font-size\":\"desktop:16px;\",\"line-height\":\"desktop:25px;\"}'  style=\"\"><p>Diagn\u00f3stico de problemas de processos em unidades industriais (<em>Troubleshooting<\/em>);<\/p>\n<\/div><\/div><div class=\"icon_list_connector\"  style=\"border-right-width: 1px;border-right-style: dashed;border-color: #de8760;\"><\/div><\/li><li class=\"icon_list_item\" style=\" font-size:30px;\"><div class=\"icon_list_icon\" data-animation=\"\" data-animation-delay=\"03\" style=\"font-size:10px;border-width:1px;border-style:none;background:#de8760;color:#ffffff;border-color:#333333;\"><i class=\"Defaults-check\" ><\/i><\/div><div class=\"icon_description\" id=\"Info-list-wrap-9389\" style=\"font-size:10px;\"><div class=\"icon_description_text ult-responsive\"  data-ultimate-target='#Info-list-wrap-9389 .icon_description_text'  data-responsive-json-new='{\"font-size\":\"desktop:16px;\",\"line-height\":\"desktop:25px;\"}'  style=\"\"><p>Suporte, treinamento de equipes:\u00a0 c\u00e1lculos de processos e equipamentos, elabora\u00e7\u00e3o de manuais operacionais e balan\u00e7os de massa e energia;<\/p>\n<\/div><\/div><div class=\"icon_list_connector\"  style=\"border-right-width: 1px;border-right-style: dashed;border-color: #de8760;\"><\/div><\/li><li class=\"icon_list_item\" style=\" font-size:30px;\"><div class=\"icon_list_icon\" data-animation=\"\" data-animation-delay=\"03\" style=\"font-size:10px;border-width:1px;border-style:none;background:#de8760;color:#ffffff;border-color:#333333;\"><i class=\"Defaults-check\" ><\/i><\/div><div class=\"icon_description\" id=\"Info-list-wrap-1632\" style=\"font-size:10px;\"><div class=\"icon_description_text ult-responsive\"  data-ultimate-target='#Info-list-wrap-1632 .icon_description_text'  data-responsive-json-new='{\"font-size\":\"desktop:16px;\",\"line-height\":\"desktop:25px;\"}'  style=\"\"><p>Estudos e projetos nas \u00e1reas de utilidades, projetos de sistemas de combate a inc\u00eandios e processos industriais;<\/p>\n<\/div><\/div><div class=\"icon_list_connector\"  style=\"border-right-width: 1px;border-right-style: dashed;border-color: #de8760;\"><\/div><\/li><li class=\"icon_list_item\" style=\" font-size:30px;\"><div class=\"icon_list_icon\" data-animation=\"\" data-animation-delay=\"03\" style=\"font-size:10px;border-width:1px;border-style:none;background:#de8760;color:#ffffff;border-color:#333333;\"><i class=\"Defaults-check\" ><\/i><\/div><div class=\"icon_description\" id=\"Info-list-wrap-3330\" style=\"font-size:10px;\"><div class=\"icon_description_text ult-responsive\"  data-ultimate-target='#Info-list-wrap-3330 .icon_description_text'  data-responsive-json-new='{\"font-size\":\"desktop:16px;\",\"line-height\":\"desktop:25px;\"}'  style=\"\"><p>Diagn\u00f3stico e estudos para aumento de efici\u00eancia de processos produtivos e uso eficiente de energia;<\/p>\n<\/div><\/div><div class=\"icon_list_connector\"  style=\"border-right-width: 1px;border-right-style: dashed;border-color: #de8760;\"><\/div><\/li><li class=\"icon_list_item\" style=\" font-size:30px;\"><div class=\"icon_list_icon\" data-animation=\"\" data-animation-delay=\"03\" style=\"font-size:10px;border-width:1px;border-style:none;background:#de8760;color:#ffffff;border-color:#333333;\"><i class=\"Defaults-check\" ><\/i><\/div><div class=\"icon_description\" id=\"Info-list-wrap-9071\" style=\"font-size:10px;\"><div class=\"icon_description_text ult-responsive\"  data-ultimate-target='#Info-list-wrap-9071 .icon_description_text'  data-responsive-json-new='{\"font-size\":\"desktop:16px;\",\"line-height\":\"desktop:25px;\"}'  style=\"\"><p>Efic\u00e1cia das a\u00e7\u00f5es: auditorias e laudos t\u00e9cnicos.<\/p>\n<\/div><\/div><div class=\"icon_list_connector\"  style=\"border-right-width: 1px;border-right-style: dashed;border-color: #de8760;\"><\/div><\/li><\/ul><\/div>[\/vc_column_inner][\/vc_row_inner]<div class=\"ult-spacer spacer-69dc2b37dd7bd\" data-id=\"69dc2b37dd7bd\" data-height=\"50\" data-height-mobile=\"50\" data-height-tab=\"50\" data-height-tab-portrait=\"\" data-height-mobile-landscape=\"\" style=\"clear:both;display:block;\"><\/div><div id=\"ultimate-heading-463969dc2b37dd7e0\" class=\"uvc-heading ult-adjust-bottom-margin ultimate-heading-463969dc2b37dd7e0 uvc-3223 \" data-hspacer=\"line_only\"  data-halign=\"left\" style=\"text-align:left\"><div class=\"uvc-main-heading ult-responsive\"  data-ultimate-target='.uvc-heading.ultimate-heading-463969dc2b37dd7e0 h3'  data-responsive-json-new='{\"font-size\":\"\",\"line-height\":\"\"}' ><h3 style=\"font-weight:normal;\">Engenharia Civil e Seguran\u00e7a do Trabalho<\/h3><\/div><div class=\"uvc-heading-spacer line_only\" style=\"topheight:1px;\"><span class=\"uvc-headings-line\" style=\"border-style:solid;border-bottom-width:1px;border-color:#de8760;width:150px;\"><\/span><\/div><\/div><div class=\"ult-spacer spacer-69dc2b37dd80c\" data-id=\"69dc2b37dd80c\" data-height=\"20\" data-height-mobile=\"20\" data-height-tab=\"20\" data-height-tab-portrait=\"\" data-height-mobile-landscape=\"\" style=\"clear:both;display:block;\"><\/div>[vc_column_text]Na \u00e1rea de engenharia civil e seguran\u00e7a do trabalho executamos de forma complementar:[\/vc_column_text]<div class=\"smile_icon_list_wrap ult_info_list_container ult-adjust-bottom-margin  \"><ul class=\"smile_icon_list left circle with_bg\"><li class=\"icon_list_item\" style=\" font-size:30px;\"><div class=\"icon_list_icon\" data-animation=\"\" data-animation-delay=\"03\" style=\"font-size:10px;border-width:1px;border-style:none;background:#de8760;color:#ffffff;border-color:#333333;\"><i class=\"Defaults-check\" ><\/i><\/div><div class=\"icon_description\" id=\"Info-list-wrap-4437\" style=\"font-size:10px;\"><div class=\"icon_description_text ult-responsive\"  data-ultimate-target='#Info-list-wrap-4437 .icon_description_text'  data-responsive-json-new='{\"font-size\":\"desktop:16px;\",\"line-height\":\"desktop:25px;\"}'  style=\"\"><p>Projetos de sistemas de combate a inc\u00eandio industrial;<\/p>\n<\/div><\/div><div class=\"icon_list_connector\"  style=\"border-right-width: 1px;border-right-style: dashed;border-color: #de8760;\"><\/div><\/li><li class=\"icon_list_item\" style=\" font-size:30px;\"><div class=\"icon_list_icon\" data-animation=\"\" data-animation-delay=\"03\" style=\"font-size:10px;border-width:1px;border-style:none;background:#de8760;color:#ffffff;border-color:#333333;\"><i class=\"Defaults-check\" ><\/i><\/div><div class=\"icon_description\" id=\"Info-list-wrap-8733\" style=\"font-size:10px;\"><div class=\"icon_description_text ult-responsive\"  data-ultimate-target='#Info-list-wrap-8733 .icon_description_text'  data-responsive-json-new='{\"font-size\":\"desktop:16px;\",\"line-height\":\"desktop:25px;\"}'  style=\"\"><p>Per\u00edcias judiciais na \u00e1rea de Seguran\u00e7a do Trabalho;<\/p>\n<\/div><\/div><div class=\"icon_list_connector\"  style=\"border-right-width: 1px;border-right-style: dashed;border-color: #de8760;\"><\/div><\/li><li class=\"icon_list_item\" style=\" font-size:30px;\"><div class=\"icon_list_icon\" data-animation=\"\" data-animation-delay=\"03\" style=\"font-size:10px;border-width:1px;border-style:none;background:#de8760;color:#ffffff;border-color:#333333;\"><i class=\"Defaults-check\" ><\/i><\/div><div class=\"icon_description\" id=\"Info-list-wrap-8074\" style=\"font-size:10px;\"><div class=\"icon_description_text ult-responsive\"  data-ultimate-target='#Info-list-wrap-8074 .icon_description_text'  data-responsive-json-new='{\"font-size\":\"desktop:16px;\",\"line-height\":\"desktop:25px;\"}'  style=\"\"><p>Projetos arquitet\u00f4nicos em AutoCAD;<\/p>\n<\/div><\/div><div class=\"icon_list_connector\"  style=\"border-right-width: 1px;border-right-style: dashed;border-color: #de8760;\"><\/div><\/li><li class=\"icon_list_item\" style=\" font-size:30px;\"><div class=\"icon_list_icon\" data-animation=\"\" data-animation-delay=\"03\" style=\"font-size:10px;border-width:1px;border-style:none;background:#de8760;color:#ffffff;border-color:#333333;\"><i class=\"Defaults-check\" ><\/i><\/div><div class=\"icon_description\" id=\"Info-list-wrap-3664\" style=\"font-size:10px;\"><div class=\"icon_description_text ult-responsive\"  data-ultimate-target='#Info-list-wrap-3664 .icon_description_text'  data-responsive-json-new='{\"font-size\":\"desktop:16px;\",\"line-height\":\"desktop:25px;\"}'  style=\"\"><p>Projetos estruturais em concreto armado at\u00e9 5 pavimentos;<\/p>\n<\/div><\/div><div class=\"icon_list_connector\"  style=\"border-right-width: 1px;border-right-style: dashed;border-color: #de8760;\"><\/div><\/li><li class=\"icon_list_item\" style=\" font-size:30px;\"><div class=\"icon_list_icon\" data-animation=\"\" data-animation-delay=\"03\" style=\"font-size:10px;border-width:1px;border-style:none;background:#de8760;color:#ffffff;border-color:#333333;\"><i class=\"Defaults-check\" ><\/i><\/div><div class=\"icon_description\" id=\"Info-list-wrap-1403\" style=\"font-size:10px;\"><div class=\"icon_description_text ult-responsive\"  data-ultimate-target='#Info-list-wrap-1403 .icon_description_text'  data-responsive-json-new='{\"font-size\":\"desktop:16px;\",\"line-height\":\"desktop:25px;\"}'  style=\"\"><p>Projetos de funda\u00e7\u00f5es e bases para equipamentos com uso do software ProCalc;<\/p>\n<\/div><\/div><div class=\"icon_list_connector\"  style=\"border-right-width: 1px;border-right-style: dashed;border-color: #de8760;\"><\/div><\/li><li class=\"icon_list_item\" style=\" font-size:30px;\"><div class=\"icon_list_icon\" data-animation=\"\" data-animation-delay=\"03\" style=\"font-size:10px;border-width:1px;border-style:none;background:#de8760;color:#ffffff;border-color:#333333;\"><i class=\"Defaults-check\" ><\/i><\/div><div class=\"icon_description\" id=\"Info-list-wrap-5116\" style=\"font-size:10px;\"><div class=\"icon_description_text ult-responsive\"  data-ultimate-target='#Info-list-wrap-5116 .icon_description_text'  data-responsive-json-new='{\"font-size\":\"desktop:16px;\",\"line-height\":\"desktop:25px;\"}'  style=\"\"><p>Gerenciamento de execu\u00e7\u00e3o de projeto civil.<\/p>\n<\/div><\/div><div class=\"icon_list_connector\"  style=\"border-right-width: 1px;border-right-style: dashed;border-color: #de8760;\"><\/div><\/li><\/ul><\/div><div class=\" ubtn-ctn-center \"><a class=\"ubtn-link ult-adjust-bottom-margin ubtn-center ubtn-normal \" href=\"\/pse-freesolo\/contato\/\" title=\"Fale Conosco\" ><button type=\"button\" id=\"ubtn-5505\"  class=\"ubtn ult-adjust-bottom-margin ult-responsive ubtn-normal ubtn-fade-bg  none  ubtn-sep-icon ubtn-sep-icon-top-push  ubtn-center   tooltip-69dc2b37dda24\"  data-hover=\"\" data-border-color=\"\" data-bg=\"#de7860\" data-hover-bg=\"\" data-border-hover=\"\" data-shadow-hover=\"\" data-shadow-click=\"none\" data-shadow=\"\" data-shd-shadow=\"\"  data-ultimate-target='#ubtn-5505'  data-responsive-json-new='{\"font-size\":\"desktop:30px;\",\"line-height\":\"\"}'  style=\"font-weight:normal;border:none;background: #de7860;color: #ffffff;\"><span class=\"ubtn-data ubtn-icon\"><i class=\"fontawesome-wechat weixin\" style=\"font-size:32px;color:#ffffff;\"><\/i><\/span><span class=\"ubtn-hover\" style=\"background-color:\"><\/span><span class=\"ubtn-data ubtn-text \" >Fale Conosco<\/span><\/button><\/a><\/div>[\/vc_column][\/vc_row]<\/p>\n<\/div>","protected":false},"excerpt":{"rendered":"<p>[vc_row centered=&#8221;yes&#8221; bg_type=&#8221;bg_color&#8221; padding_top=&#8221;50px&#8221; padding_bottom=&#8221;50px&#8221; sd_margin_bottom=&#8221;0px&#8221; bg_color_value=&#8221;#eaeaea&#8221;][vc_column][\/vc_column][\/vc_row][vc_row centered=&#8221;yes&#8221; sd_margin_bottom=&#8221;0px&#8221;][vc_column][vc_row_inner][vc_column_inner][vc_column_text]A engenharia de processo contribui de maneira s\u00f3lida para compreens\u00e3o dos processos industriais, inter-rela\u00e7\u00e3o de vari\u00e1veis, identifica\u00e7\u00e3o de problemas e aumento de efici\u00eancia e produtividade. Processos industriais quando operam abaixo das condi\u00e7\u00f5es ideais para as quais foram projetadas, devem passar por adequa\u00e7\u00e3o<\/p>\n<div class=\"sd-more-wrapper\">\n<p><a class=\"sd-more sd-opacity-trans\" href=\"https:\/\/freesolo.com.br\/pse-freesolo\/servicos\/engenharia\/#more-1716\">Ler Mais<\/a><\/p>\n<\/div>\n","protected":false},"author":1,"featured_media":0,"parent":338,"menu_order":0,"comment_status":"closed","ping_status":"closed","template":"full-width-page.php","meta":{"_exactmetrics_skip_tracking":false,"_exactmetrics_sitenote_active":false,"_exactmetrics_sitenote_note":"","_exactmetrics_sitenote_category":0,"footnotes":""},"class_list":["post-1716","page","type-page","status-publish","hentry"],"_links":{"self":[{"href":"https:\/\/freesolo.com.br\/pse-freesolo\/wp-json\/wp\/v2\/pages\/1716","targetHints":{"allow":["GET"]}}],"collection":[{"href":"https:\/\/freesolo.com.br\/pse-freesolo\/wp-json\/wp\/v2\/pages"}],"about":[{"href":"https:\/\/freesolo.com.br\/pse-freesolo\/wp-json\/wp\/v2\/types\/page"}],"author":[{"embeddable":true,"href":"https:\/\/freesolo.com.br\/pse-freesolo\/wp-json\/wp\/v2\/users\/1"}],"replies":[{"embeddable":true,"href":"https:\/\/freesolo.com.br\/pse-freesolo\/wp-json\/wp\/v2\/comments?post=1716"}],"version-history":[{"count":13,"href":"https:\/\/freesolo.com.br\/pse-freesolo\/wp-json\/wp\/v2\/pages\/1716\/revisions"}],"predecessor-version":[{"id":1867,"href":"https:\/\/freesolo.com.br\/pse-freesolo\/wp-json\/wp\/v2\/pages\/1716\/revisions\/1867"}],"up":[{"embeddable":true,"href":"https:\/\/freesolo.com.br\/pse-freesolo\/wp-json\/wp\/v2\/pages\/338"}],"wp:attachment":[{"href":"https:\/\/freesolo.com.br\/pse-freesolo\/wp-json\/wp\/v2\/media?parent=1716"}],"curies":[{"name":"wp","href":"https:\/\/api.w.org\/{rel}","templated":true}]}}