{"id":1726,"date":"2016-12-15T18:41:20","date_gmt":"2016-12-15T20:41:20","guid":{"rendered":"http:\/\/freesolo.com.br\/pse-freesolo\/?page_id=1726"},"modified":"2016-12-16T15:27:52","modified_gmt":"2016-12-16T17:27:52","slug":"meio-ambiente","status":"publish","type":"page","link":"https:\/\/freesolo.com.br\/pse-freesolo\/servicos\/meio-ambiente\/","title":{"rendered":"Meio Ambiente"},"content":{"rendered":"<div class=\"wpb-content-wrapper\"><p>[vc_row centered=&#8221;yes&#8221; bg_type=&#8221;bg_color&#8221; padding_top=&#8221;50px&#8221; padding_bottom=&#8221;50px&#8221; sd_margin_bottom=&#8221;0px&#8221; bg_color_value=&#8221;#eaeaea&#8221;][vc_column]<div id=\"ultimate-heading-564169dc2b40a34ad\" class=\"uvc-heading ult-adjust-bottom-margin ultimate-heading-564169dc2b40a34ad uvc-6539 \" data-hspacer=\"line_only\"  data-halign=\"left\" style=\"text-align:left\"><div class=\"uvc-main-heading ult-responsive\"  data-ultimate-target='.uvc-heading.ultimate-heading-564169dc2b40a34ad h2'  data-responsive-json-new='{\"font-size\":\"desktop:36px;\",\"line-height\":\"\"}' ><h2 style=\"font-family:&#039;Roboto&#039;;font-weight:bold;color:#565d66;margin-bottom:10px;\">Meio Ambiente<\/h2><\/div><div class=\"uvc-heading-spacer line_only\" style=\"topheight:2px;\"><span class=\"uvc-headings-line\" style=\"border-style:solid;border-bottom-width:2px;border-color:#de8760;width:400px;\"><\/span><\/div><\/div>[\/vc_column][\/vc_row][vc_row centered=&#8221;yes&#8221; sd_margin_bottom=&#8221;0px&#8221;][vc_column]<div class=\"ult-spacer spacer-69dc2b40a3509\" data-id=\"69dc2b40a3509\" data-height=\"50\" data-height-mobile=\"50\" data-height-tab=\"50\" data-height-tab-portrait=\"\" data-height-mobile-landscape=\"\" style=\"clear:both;display:block;\"><\/div>[vc_row_inner][vc_column_inner width=&#8221;2\/4&#8243;]<div class=\"smile_icon_list_wrap ult_info_list_container ult-adjust-bottom-margin  \"><ul class=\"smile_icon_list left circle with_bg\"><li class=\"icon_list_item\" style=\" font-size:45px;\"><div class=\"icon_list_icon\" data-animation=\"\" data-animation-delay=\"03\" style=\"font-size:15px;border-width:1px;border-style:none;background:#eaeaea;color:#de8760;border-color:#333333;\"><i class=\"Defaults-check\" ><\/i><\/div><div class=\"icon_description\" id=\"Info-list-wrap-5384\" style=\"font-size:15px;\"><h3 class=\"ult-responsive info-list-heading\"  data-ultimate-target='#Info-list-wrap-5384 h3'  data-responsive-json-new='{\"font-size\":\"desktop:16px;\",\"line-height\":\"desktop:10px;\"}'  style=\"\">Regulariza\u00e7\u00e3o e Licenciamento Ambiental<\/h3><div class=\"icon_description_text ult-responsive\"  data-ultimate-target='#Info-list-wrap-5384 .icon_description_text'  data-responsive-json-new='{\"font-size\":\"desktop:16px;\",\"line-height\":\"desktop:10px;\"}'  style=\"\"><p><a href=\"http:\/\/freesolo.com.br\/servicos\/licenciamento-e-regularizacao-ambiental\/\" target=\"_blank\">Saiba mais<\/a><\/p>\n<\/div><\/div><div class=\"icon_list_connector\"  style=\"border-right-width: 1px;border-right-style: dashed;border-color: #de8760;\"><\/div><\/li><li class=\"icon_list_item\" style=\" font-size:45px;\"><div class=\"icon_list_icon\" data-animation=\"\" data-animation-delay=\"03\" style=\"font-size:15px;border-width:1px;border-style:none;background:#eaeaea;color:#de8760;border-color:#333333;\"><i class=\"Defaults-check\" ><\/i><\/div><div class=\"icon_description\" id=\"Info-list-wrap-5845\" style=\"font-size:15px;\"><h3 class=\"ult-responsive info-list-heading\"  data-ultimate-target='#Info-list-wrap-5845 h3'  data-responsive-json-new='{\"font-size\":\"desktop:16px;\",\"line-height\":\"desktop:10px;\"}'  style=\"\">Investiga\u00e7\u00e3o e Remedia\u00e7\u00e3o<\/h3><div class=\"icon_description_text ult-responsive\"  data-ultimate-target='#Info-list-wrap-5845 .icon_description_text'  data-responsive-json-new='{\"font-size\":\"desktop:16px;\",\"line-height\":\"desktop:10px;\"}'  style=\"\"><p><a href=\"http:\/\/freesolo.com.br\/servicos\/investigacao-e-remediacao-de-areas-contaminadas-e-auditoria-ambiental\/\" target=\"_blank\">Saiba mais<\/a><\/p>\n<\/div><\/div><div class=\"icon_list_connector\"  style=\"border-right-width: 1px;border-right-style: dashed;border-color: #de8760;\"><\/div><\/li><li class=\"icon_list_item\" style=\" font-size:45px;\"><div class=\"icon_list_icon\" data-animation=\"\" data-animation-delay=\"03\" style=\"font-size:15px;border-width:1px;border-style:none;background:#eaeaea;color:#de8760;border-color:#333333;\"><i class=\"Defaults-check\" ><\/i><\/div><div class=\"icon_description\" id=\"Info-list-wrap-1839\" style=\"font-size:15px;\"><h3 class=\"ult-responsive info-list-heading\"  data-ultimate-target='#Info-list-wrap-1839 h3'  data-responsive-json-new='{\"font-size\":\"desktop:16px;\",\"line-height\":\"desktop:10px;\"}'  style=\"\">Auditoria Ambiental<\/h3><div class=\"icon_description_text ult-responsive\"  data-ultimate-target='#Info-list-wrap-1839 .icon_description_text'  data-responsive-json-new='{\"font-size\":\"desktop:16px;\",\"line-height\":\"desktop:10px;\"}'  style=\"\"><p><a href=\"http:\/\/freesolo.com.br\/servicos\/investigacao-e-remediacao-de-areas-contaminadas-e-auditoria-ambiental\/\" target=\"_blank\">Saiba mais<\/a><\/p>\n<\/div><\/div><div class=\"icon_list_connector\"  style=\"border-right-width: 1px;border-right-style: dashed;border-color: #de8760;\"><\/div><\/li><li class=\"icon_list_item\" style=\" font-size:45px;\"><div class=\"icon_list_icon\" data-animation=\"\" data-animation-delay=\"03\" style=\"font-size:15px;border-width:1px;border-style:none;background:#eaeaea;color:#de8760;border-color:#333333;\"><i class=\"Defaults-check\" ><\/i><\/div><div class=\"icon_description\" id=\"Info-list-wrap-3010\" style=\"font-size:15px;\"><h3 class=\"ult-responsive info-list-heading\"  data-ultimate-target='#Info-list-wrap-3010 h3'  data-responsive-json-new='{\"font-size\":\"desktop:16px;\",\"line-height\":\"desktop:10px;\"}'  style=\"\">Tratamento de Efluentes<\/h3><div class=\"icon_description_text ult-responsive\"  data-ultimate-target='#Info-list-wrap-3010 .icon_description_text'  data-responsive-json-new='{\"font-size\":\"desktop:16px;\",\"line-height\":\"desktop:10px;\"}'  style=\"\"><p><a href=\"http:\/\/freesolo.com.br\/servicos\/saneamento-e-efluentes-industriais\/\" target=\"_blank\">Saiba mais<\/a><\/p>\n<\/div><\/div><div class=\"icon_list_connector\"  style=\"border-right-width: 1px;border-right-style: dashed;border-color: #de8760;\"><\/div><\/li><\/ul><\/div>[\/vc_column_inner][vc_column_inner width=&#8221;1\/4&#8243;]<div class=\"smile_icon_list_wrap ult_info_list_container ult-adjust-bottom-margin  \"><ul class=\"smile_icon_list left circle with_bg\"><li class=\"icon_list_item\" style=\" font-size:45px;\"><div class=\"icon_list_icon\" data-animation=\"\" data-animation-delay=\"03\" style=\"font-size:15px;border-width:1px;border-style:none;background:#eaeaea;color:#de8760;border-color:#333333;\"><i class=\"Defaults-check\" ><\/i><\/div><div class=\"icon_description\" id=\"Info-list-wrap-9120\" style=\"font-size:15px;\"><h3 class=\"ult-responsive info-list-heading\"  data-ultimate-target='#Info-list-wrap-9120 h3'  data-responsive-json-new='{\"font-size\":\"desktop:16px;\",\"line-height\":\"desktop:10px;\"}'  style=\"\">Saneamento<\/h3><div class=\"icon_description_text ult-responsive\"  data-ultimate-target='#Info-list-wrap-9120 .icon_description_text'  data-responsive-json-new='{\"font-size\":\"desktop:16px;\",\"line-height\":\"desktop:10px;\"}'  style=\"\"><p><a href=\"http:\/\/freesolo.com.br\/servicos\/saneamento-e-efluentes-industriais\/\" target=\"_blank\">Saiba mais<\/a><\/p>\n<\/div><\/div><div class=\"icon_list_connector\"  style=\"border-right-width: 1px;border-right-style: dashed;border-color: #de8760;\"><\/div><\/li><li class=\"icon_list_item\" style=\" font-size:45px;\"><div class=\"icon_list_icon\" data-animation=\"\" data-animation-delay=\"03\" style=\"font-size:15px;border-width:1px;border-style:none;background:#eaeaea;color:#de8760;border-color:#333333;\"><i class=\"Defaults-check\" ><\/i><\/div><div class=\"icon_description\" id=\"Info-list-wrap-6682\" style=\"font-size:15px;\"><h3 class=\"ult-responsive info-list-heading\"  data-ultimate-target='#Info-list-wrap-6682 h3'  data-responsive-json-new='{\"font-size\":\"desktop:16px;\",\"line-height\":\"desktop:10px;\"}'  style=\"\">Res\u00edduos S\u00f3lidos<\/h3><div class=\"icon_description_text ult-responsive\"  data-ultimate-target='#Info-list-wrap-6682 .icon_description_text'  data-responsive-json-new='{\"font-size\":\"desktop:16px;\",\"line-height\":\"desktop:10px;\"}'  style=\"\"><p><a href=\"http:\/\/freesolo.com.br\/servicos\/residuos-solidos\/\" target=\"_blank\">Saiba mais<\/a><\/p>\n<\/div><\/div><div class=\"icon_list_connector\"  style=\"border-right-width: 1px;border-right-style: dashed;border-color: #de8760;\"><\/div><\/li><li class=\"icon_list_item\" style=\" font-size:45px;\"><div class=\"icon_list_icon\" data-animation=\"\" data-animation-delay=\"03\" style=\"font-size:15px;border-width:1px;border-style:none;background:#eaeaea;color:#de8760;border-color:#333333;\"><i class=\"Defaults-check\" ><\/i><\/div><div class=\"icon_description\" id=\"Info-list-wrap-7786\" style=\"font-size:15px;\"><h3 class=\"ult-responsive info-list-heading\"  data-ultimate-target='#Info-list-wrap-7786 h3'  data-responsive-json-new='{\"font-size\":\"desktop:16px;\",\"line-height\":\"desktop:10px;\"}'  style=\"\">Gest\u00e3o Ambiental<\/h3><div class=\"icon_description_text ult-responsive\"  data-ultimate-target='#Info-list-wrap-7786 .icon_description_text'  data-responsive-json-new='{\"font-size\":\"desktop:16px;\",\"line-height\":\"desktop:10px;\"}'  style=\"\"><p><a href=\"http:\/\/freesolo.com.br\/servicos\/gestao-ambiental\/\" target=\"_blank\">Saiba mais<\/a><\/p>\n<\/div><\/div><div class=\"icon_list_connector\"  style=\"border-right-width: 1px;border-right-style: dashed;border-color: #de8760;\"><\/div><\/li><\/ul><\/div>[\/vc_column_inner][vc_column_inner width=&#8221;1\/4&#8243;][vc_single_image image=&#8221;1774&#8243; alignment=&#8221;center&#8221;]<div class=\"ult-spacer spacer-69dc2b40a3842\" data-id=\"69dc2b40a3842\" data-height=\"30\" data-height-mobile=\"30\" data-height-tab=\"30\" data-height-tab-portrait=\"\" data-height-mobile-landscape=\"\" style=\"clear:both;display:block;\"><\/div><div class=\" ubtn-ctn-center \"><a class=\"ubtn-link ult-adjust-bottom-margin ubtn-center ubtn-normal \" href=\"\/pse-freesolo\/contato\/\" title=\"Fale Conosco\" ><button type=\"button\" id=\"ubtn-9027\"  class=\"ubtn ult-adjust-bottom-margin ult-responsive ubtn-normal ubtn-fade-bg  none  ubtn-sep-icon ubtn-sep-icon-top-push  ubtn-center   tooltip-69dc2b40a3860\"  data-hover=\"\" data-border-color=\"\" data-bg=\"#de7860\" data-hover-bg=\"\" data-border-hover=\"\" data-shadow-hover=\"\" data-shadow-click=\"none\" data-shadow=\"\" data-shd-shadow=\"\"  data-ultimate-target='#ubtn-9027'  data-responsive-json-new='{\"font-size\":\"desktop:30px;\",\"line-height\":\"\"}'  style=\"font-weight:normal;border:none;background: #de7860;color: #ffffff;\"><span class=\"ubtn-data ubtn-icon\"><i class=\"fontawesome-wechat weixin\" style=\"font-size:32px;color:#ffffff;\"><\/i><\/span><span class=\"ubtn-hover\" style=\"background-color:\"><\/span><span class=\"ubtn-data ubtn-text \" >Fale Conosco<\/span><\/button><\/a><\/div>[\/vc_column_inner][\/vc_row_inner]<div class=\"ult-spacer spacer-69dc2b40a389f\" data-id=\"69dc2b40a389f\" data-height=\"50\" data-height-mobile=\"50\" data-height-tab=\"50\" data-height-tab-portrait=\"\" data-height-mobile-landscape=\"\" style=\"clear:both;display:block;\"><\/div>[\/vc_column][\/vc_row]<\/p>\n<\/div>","protected":false},"excerpt":{"rendered":"<p>[vc_row centered=&#8221;yes&#8221; bg_type=&#8221;bg_color&#8221; padding_top=&#8221;50px&#8221; padding_bottom=&#8221;50px&#8221; sd_margin_bottom=&#8221;0px&#8221; bg_color_value=&#8221;#eaeaea&#8221;][vc_column][\/vc_column][\/vc_row][vc_row centered=&#8221;yes&#8221; sd_margin_bottom=&#8221;0px&#8221;][vc_column][vc_row_inner][vc_column_inner width=&#8221;2\/4&#8243;][\/vc_column_inner][vc_column_inner width=&#8221;1\/4&#8243;][\/vc_column_inner][vc_column_inner width=&#8221;1\/4&#8243;][vc_single_image image=&#8221;1774&#8243; alignment=&#8221;center&#8221;][\/vc_column_inner][\/vc_row_inner][\/vc_column][\/vc_row]<\/p>\n<div class=\"sd-more-wrapper\">\n<p><a class=\"sd-more sd-opacity-trans\" href=\"https:\/\/freesolo.com.br\/pse-freesolo\/servicos\/meio-ambiente\/#more-1726\">Ler Mais<\/a><\/p>\n<\/div>\n","protected":false},"author":1,"featured_media":0,"parent":338,"menu_order":0,"comment_status":"closed","ping_status":"closed","template":"full-width-page.php","meta":{"_exactmetrics_skip_tracking":false,"_exactmetrics_sitenote_active":false,"_exactmetrics_sitenote_note":"","_exactmetrics_sitenote_category":0,"footnotes":""},"class_list":["post-1726","page","type-page","status-publish","hentry"],"_links":{"self":[{"href":"https:\/\/freesolo.com.br\/pse-freesolo\/wp-json\/wp\/v2\/pages\/1726","targetHints":{"allow":["GET"]}}],"collection":[{"href":"https:\/\/freesolo.com.br\/pse-freesolo\/wp-json\/wp\/v2\/pages"}],"about":[{"href":"https:\/\/freesolo.com.br\/pse-freesolo\/wp-json\/wp\/v2\/types\/page"}],"author":[{"embeddable":true,"href":"https:\/\/freesolo.com.br\/pse-freesolo\/wp-json\/wp\/v2\/users\/1"}],"replies":[{"embeddable":true,"href":"https:\/\/freesolo.com.br\/pse-freesolo\/wp-json\/wp\/v2\/comments?post=1726"}],"version-history":[{"count":10,"href":"https:\/\/freesolo.com.br\/pse-freesolo\/wp-json\/wp\/v2\/pages\/1726\/revisions"}],"predecessor-version":[{"id":1776,"href":"https:\/\/freesolo.com.br\/pse-freesolo\/wp-json\/wp\/v2\/pages\/1726\/revisions\/1776"}],"up":[{"embeddable":true,"href":"https:\/\/freesolo.com.br\/pse-freesolo\/wp-json\/wp\/v2\/pages\/338"}],"wp:attachment":[{"href":"https:\/\/freesolo.com.br\/pse-freesolo\/wp-json\/wp\/v2\/media?parent=1726"}],"curies":[{"name":"wp","href":"https:\/\/api.w.org\/{rel}","templated":true}]}}