{"id":1739,"date":"2016-12-15T19:15:21","date_gmt":"2016-12-15T21:15:21","guid":{"rendered":"http:\/\/freesolo.com.br\/pse-freesolo\/?page_id=1739"},"modified":"2016-12-26T15:26:18","modified_gmt":"2016-12-26T17:26:18","slug":"consultoria-comercial","status":"publish","type":"page","link":"https:\/\/freesolo.com.br\/pse-freesolo\/servicos\/consultoria-comercial\/","title":{"rendered":"Consultoria Comercial"},"content":{"rendered":"<div class=\"wpb-content-wrapper\"><p>[vc_row centered=&#8221;yes&#8221; bg_type=&#8221;bg_color&#8221; padding_top=&#8221;50px&#8221; padding_bottom=&#8221;50px&#8221; sd_margin_bottom=&#8221;0px&#8221; bg_color_value=&#8221;#eaeaea&#8221;][vc_column]<div id=\"ultimate-heading-526069dc2b37def13\" class=\"uvc-heading ult-adjust-bottom-margin ultimate-heading-526069dc2b37def13 uvc-1954 \" data-hspacer=\"line_only\"  data-halign=\"left\" style=\"text-align:left\"><div class=\"uvc-main-heading ult-responsive\"  data-ultimate-target='.uvc-heading.ultimate-heading-526069dc2b37def13 h2'  data-responsive-json-new='{\"font-size\":\"desktop:36px;\",\"line-height\":\"\"}' ><h2 style=\"font-family:&#039;Roboto&#039;;font-weight:bold;color:#565d66;margin-bottom:10px;\">Consultoria Comercial<\/h2><\/div><div class=\"uvc-heading-spacer line_only\" style=\"topheight:2px;\"><span class=\"uvc-headings-line\" style=\"border-style:solid;border-bottom-width:2px;border-color:#de8760;width:400px;\"><\/span><\/div><div class=\"uvc-sub-heading ult-responsive\"  data-ultimate-target='.uvc-heading.ultimate-heading-526069dc2b37def13 .uvc-sub-heading '  data-responsive-json-new='{\"font-size\":\"desktop:34px;\",\"line-height\":\"desktop:50px;\"}'  style=\"font-weight:bold;color:#565d66;\">Produtos<\/div><\/div>[\/vc_column][\/vc_row][vc_row centered=&#8221;yes&#8221; sd_margin_bottom=&#8221;0px&#8221;][vc_column]<div class=\"ult-spacer spacer-69dc2b37def98\" data-id=\"69dc2b37def98\" data-height=\"50\" data-height-mobile=\"50\" data-height-tab=\"50\" data-height-tab-portrait=\"\" data-height-mobile-landscape=\"\" style=\"clear:both;display:block;\"><\/div>[vc_row_inner][vc_column_inner width=&#8221;1\/2&#8243;][vc_column_text]Em parceria comercial com a <em>NEPIN Acess\u00f3rios Industriais,<\/em> especificamos e fornecemos equipamentos, instrumentos e acess\u00f3rios industriais de marcas consagradas no mercado, tais como:<\/p>\n<ul>\n<li>Bicos atomizadores para queimadores<\/li>\n<li>Bombas de condensado<\/li>\n<li>Bombas para \u00f3leo BPF e Diesel<\/li>\n<li>Chaves de fluxo \/ fluxostato<\/li>\n<li>Controladores de n\u00edvel e controladores autom\u00e1ticos para caldeira<\/li>\n<li>Controladores de temperatura<\/li>\n<li>Detectores de G\u00e1s<\/li>\n<li>Eliminadores de ar<\/li>\n<li>Filtros<\/li>\n<li>Man\u00f4metros<\/li>\n<li>Pressostatos<\/li>\n<li>Purgadores (de b\u00f3ia, eletr\u00f4nicos, termodin\u00e2micos e termost\u00e1ticos)<\/li>\n<li>Resist\u00eancias<\/li>\n<li>Sensores de temperatura<\/li>\n<li>Separadores de umidade<\/li>\n<li>Tanques de reevapora\u00e7\u00e3o<\/li>\n<li>Term\u00f4metros<\/li>\n<li>Termostatos<\/li>\n<li>Transformadores de igni\u00e7\u00e3o<\/li>\n<li>Transmissores de n\u00edvel<\/li>\n<li>Transmissores de press\u00e3o<\/li>\n<li>V\u00e1lvulas de bloqueio<\/li>\n<li>V\u00e1lvulas esfera<\/li>\n<li>V\u00e1lvulas de expans\u00e3o modulante<\/li>\n<li>V\u00e1lvulas de reten\u00e7\u00e3o<\/li>\n<li>V\u00e1lvulas de seguran\u00e7a e de al\u00edvio<\/li>\n<li>V\u00e1lvulas externamente operadas<\/li>\n<li>V\u00e1lvulas manuais<\/li>\n<li>V\u00e1lvulas motorizadas<\/li>\n<li>V\u00e1lvulas multifuncionais<\/li>\n<li>V\u00e1lvulas servo operadas<\/li>\n<li>V\u00e1lvulas solenoides<\/li>\n<li>V\u00e1lvulas limitadoras de press\u00e3o<\/li>\n<li>Visores de fluxo<\/li>\n<li>Visores de n\u00edvel<\/li>\n<\/ul>\n<p>Entre em contato para informa\u00e7\u00f5es sobre outros produtos.[\/vc_column_text][\/vc_column_inner][vc_column_inner width=&#8221;1\/2&#8243;][vc_single_image image=&#8221;1777&#8243; img_size=&#8221;full&#8221; alignment=&#8221;center&#8221;]<div class=\"ult-spacer spacer-69dc2b37defb3\" data-id=\"69dc2b37defb3\" data-height=\"50\" data-height-mobile=\"50\" data-height-tab=\"50\" data-height-tab-portrait=\"\" data-height-mobile-landscape=\"\" style=\"clear:both;display:block;\"><\/div><div id=\"ultimate-heading-785469dc2b37defe6\" class=\"uvc-heading ult-adjust-bottom-margin ultimate-heading-785469dc2b37defe6 uvc-999 \" data-hspacer=\"line_only\"  data-halign=\"center\" style=\"text-align:center\"><div class=\"uvc-main-heading ult-responsive\"  data-ultimate-target='.uvc-heading.ultimate-heading-785469dc2b37defe6 h3'  data-responsive-json-new='{\"font-size\":\"\",\"line-height\":\"\"}' ><h3 style=\"font-weight:normal;\">Nossas Marcas<\/h3><\/div><div class=\"uvc-heading-spacer line_only\" style=\"topheight:1px;\"><span class=\"uvc-headings-line\" style=\"border-style:solid;border-bottom-width:1px;border-color:#de8760;width:150px;\"><\/span><\/div><\/div><div class=\"ult-spacer spacer-69dc2b37df028\" data-id=\"69dc2b37df028\" data-height=\"30\" data-height-mobile=\"30\" data-height-tab=\"30\" data-height-tab-portrait=\"\" data-height-mobile-landscape=\"\" style=\"clear:both;display:block;\"><\/div>[vc_single_image image=&#8221;1742&#8243; img_size=&#8221;full&#8221; alignment=&#8221;center&#8221;][vc_single_image image=&#8221;1743&#8243; img_size=&#8221;full&#8221; alignment=&#8221;center&#8221;][vc_single_image image=&#8221;1744&#8243; img_size=&#8221;full&#8221; alignment=&#8221;center&#8221;][vc_single_image image=&#8221;1745&#8243; img_size=&#8221;full&#8221; alignment=&#8221;center&#8221;][vc_single_image image=&#8221;1746&#8243; img_size=&#8221;full&#8221; alignment=&#8221;center&#8221;]<div class=\"ult-spacer spacer-69dc2b37df03e\" data-id=\"69dc2b37df03e\" data-height=\"40\" data-height-mobile=\"40\" data-height-tab=\"40\" data-height-tab-portrait=\"\" data-height-mobile-landscape=\"\" style=\"clear:both;display:block;\"><\/div>[\/vc_column_inner][\/vc_row_inner]<div class=\"ult-spacer spacer-69dc2b37df053\" data-id=\"69dc2b37df053\" data-height=\"10\" data-height-mobile=\"10\" data-height-tab=\"10\" data-height-tab-portrait=\"\" data-height-mobile-landscape=\"\" style=\"clear:both;display:block;\"><\/div>[vc_column_text]<\/p>\n<p style=\"text-align: center;\">Solicite mais informa\u00e7\u00f5es ou or\u00e7amento \u00a0sem compromisso:<\/p>\n<p>[\/vc_column_text]<div class=\" ubtn-ctn-center \"><a class=\"ubtn-link ult-adjust-bottom-margin ubtn-center ubtn-normal \" href=\"\/pse-freesolo\/contato\/\" title=\"Fale Conosco\" ><button type=\"button\" id=\"ubtn-1325\"  class=\"ubtn ult-adjust-bottom-margin ult-responsive ubtn-normal ubtn-fade-bg  none  ubtn-sep-icon ubtn-sep-icon-top-push  ubtn-center   tooltip-69dc2b37df07f\"  data-hover=\"\" data-border-color=\"\" data-bg=\"#de7860\" data-hover-bg=\"\" data-border-hover=\"\" data-shadow-hover=\"\" data-shadow-click=\"none\" data-shadow=\"\" data-shd-shadow=\"\"  data-ultimate-target='#ubtn-1325'  data-responsive-json-new='{\"font-size\":\"desktop:30px;\",\"line-height\":\"\"}'  style=\"font-weight:normal;border:none;background: #de7860;color: #ffffff;\"><span class=\"ubtn-data ubtn-icon\"><i class=\"fontawesome-wechat weixin\" style=\"font-size:32px;color:#ffffff;\"><\/i><\/span><span class=\"ubtn-hover\" style=\"background-color:\"><\/span><span class=\"ubtn-data ubtn-text \" >Fale Conosco<\/span><\/button><\/a><\/div><div class=\"ult-spacer spacer-69dc2b37df0e0\" data-id=\"69dc2b37df0e0\" data-height=\"50\" data-height-mobile=\"50\" data-height-tab=\"50\" data-height-tab-portrait=\"\" data-height-mobile-landscape=\"\" style=\"clear:both;display:block;\"><\/div>[\/vc_column][\/vc_row]<\/p>\n<\/div>","protected":false},"excerpt":{"rendered":"<p>[vc_row centered=&#8221;yes&#8221; bg_type=&#8221;bg_color&#8221; padding_top=&#8221;50px&#8221; padding_bottom=&#8221;50px&#8221; sd_margin_bottom=&#8221;0px&#8221; bg_color_value=&#8221;#eaeaea&#8221;][vc_column][\/vc_column][\/vc_row][vc_row centered=&#8221;yes&#8221; sd_margin_bottom=&#8221;0px&#8221;][vc_column][vc_row_inner][vc_column_inner width=&#8221;1\/2&#8243;][vc_column_text]Em parceria comercial com a NEPIN Acess\u00f3rios Industriais, especificamos e fornecemos equipamentos, instrumentos e acess\u00f3rios industriais de marcas consagradas no mercado, tais como: Bicos atomizadores para queimadores Bombas de condensado Bombas para \u00f3leo BPF e Diesel Chaves de fluxo \/ fluxostato<\/p>\n<div class=\"sd-more-wrapper\">\n<p><a class=\"sd-more sd-opacity-trans\" href=\"https:\/\/freesolo.com.br\/pse-freesolo\/servicos\/consultoria-comercial\/#more-1739\">Ler Mais<\/a><\/p>\n<\/div>\n","protected":false},"author":1,"featured_media":0,"parent":338,"menu_order":0,"comment_status":"closed","ping_status":"closed","template":"full-width-page.php","meta":{"_exactmetrics_skip_tracking":false,"_exactmetrics_sitenote_active":false,"_exactmetrics_sitenote_note":"","_exactmetrics_sitenote_category":0,"footnotes":""},"class_list":["post-1739","page","type-page","status-publish","hentry"],"_links":{"self":[{"href":"https:\/\/freesolo.com.br\/pse-freesolo\/wp-json\/wp\/v2\/pages\/1739","targetHints":{"allow":["GET"]}}],"collection":[{"href":"https:\/\/freesolo.com.br\/pse-freesolo\/wp-json\/wp\/v2\/pages"}],"about":[{"href":"https:\/\/freesolo.com.br\/pse-freesolo\/wp-json\/wp\/v2\/types\/page"}],"author":[{"embeddable":true,"href":"https:\/\/freesolo.com.br\/pse-freesolo\/wp-json\/wp\/v2\/users\/1"}],"replies":[{"embeddable":true,"href":"https:\/\/freesolo.com.br\/pse-freesolo\/wp-json\/wp\/v2\/comments?post=1739"}],"version-history":[{"count":13,"href":"https:\/\/freesolo.com.br\/pse-freesolo\/wp-json\/wp\/v2\/pages\/1739\/revisions"}],"predecessor-version":[{"id":1876,"href":"https:\/\/freesolo.com.br\/pse-freesolo\/wp-json\/wp\/v2\/pages\/1739\/revisions\/1876"}],"up":[{"embeddable":true,"href":"https:\/\/freesolo.com.br\/pse-freesolo\/wp-json\/wp\/v2\/pages\/338"}],"wp:attachment":[{"href":"https:\/\/freesolo.com.br\/pse-freesolo\/wp-json\/wp\/v2\/media?parent=1739"}],"curies":[{"name":"wp","href":"https:\/\/api.w.org\/{rel}","templated":true}]}}