{"id":338,"date":"2016-11-10T13:09:48","date_gmt":"2016-11-10T15:09:48","guid":{"rendered":"http:\/\/digitalagency.skat.tf\/?page_id=338"},"modified":"2020-07-03T11:29:55","modified_gmt":"2020-07-03T14:29:55","slug":"servicos","status":"publish","type":"page","link":"https:\/\/freesolo.com.br\/pse-freesolo\/servicos\/","title":{"rendered":"Servi\u00e7os"},"content":{"rendered":"<div class=\"wpb-content-wrapper\"><p>[vc_row centered=&#8221;yes&#8221; bg_type=&#8221;image&#8221; parallax_style=&#8221;vcpb-default&#8221; bg_image_new=&#8221;id^1534|url^http:\/\/freesolo.com.br\/wp-content\/uploads\/2016\/11\/banner-sombra-servicos3-1.jpg|caption^null|alt^null|title^banner-sombra-servicos3|description^null&#8221; bg_image_repeat=&#8221;no-repeat&#8221; bg_image_size=&#8221;initial&#8221; bg_image_posiiton=&#8221;center left&#8221; padding_top=&#8221;115px&#8221; padding_bottom=&#8221;115px&#8221; sd_margin_bottom=&#8221;0px&#8221;][vc_column]<div id=\"ultimate-heading-394969dc2b13be806\" class=\"uvc-heading ult-adjust-bottom-margin ultimate-heading-394969dc2b13be806 uvc-8874 \" data-hspacer=\"line_only\"  data-halign=\"left\" style=\"text-align:left\"><div class=\"uvc-main-heading ult-responsive\"  data-ultimate-target='.uvc-heading.ultimate-heading-394969dc2b13be806 h2'  data-responsive-json-new='{\"font-size\":\"desktop:36px;\",\"line-height\":\"\"}' ><h2 style=\"font-family:&#039;Roboto&#039;;font-weight:300;color:#243c4f;margin-bottom:10px;\">Nossos Servi\u00e7os<\/h2><\/div><div class=\"uvc-heading-spacer line_only\" style=\"topheight:1px;\"><span class=\"uvc-headings-line\" style=\"border-style:solid;border-bottom-width:1px;border-color:#de8760;width:50px;\"><\/span><\/div><div class=\"uvc-sub-heading ult-responsive\"  data-ultimate-target='.uvc-heading.ultimate-heading-394969dc2b13be806 .uvc-sub-heading '  data-responsive-json-new='{\"font-size\":\"desktop:17px;\",\"line-height\":\"\"}'  style=\"font-weight:normal;\">\u00c1reas de Atua\u00e7\u00e3o<\/div><\/div>[\/vc_column][\/vc_row][vc_row][vc_column]<div class=\"ult-spacer spacer-69dc2b13be880\" data-id=\"69dc2b13be880\" data-height=\"40\" data-height-mobile=\"40\" data-height-tab=\"40\" data-height-tab-portrait=\"\" data-height-mobile-landscape=\"\" style=\"clear:both;display:block;\"><\/div>[\/vc_column][\/vc_row][vc_row centered=&#8221;yes&#8221; sd_margin_bottom=&#8221;0px&#8221;][vc_column width=&#8221;1\/4&#8243;][\/vc_column][vc_column width=&#8221;1\/6&#8243;]<div id=\"highlight-box-wrap-8698\"  data-ultimate-target='#highlight-box-wrap-8698'  data-responsive-json-new='{\"font-size\":\"desktop:20px;\",\"line-height\":\"desktop:30px;\"}'  class=\"ultimate-call-to-action ult-adjust-bottom-margin  ctaction-text-center ult-responsive\" style=\"font-weight:normal;color:#ffffff;background:#de8760;padding-top:45px;padding-bottom:45px;\"  data-background=\"#de8760\"  data-background-hover=\"#dd7544\"  data-override=\"0\" ><div class=\"ultimate-ctaction-icon ctaction-icon-bottom-push\"><div class=\"ult-just-icon-wrapper  \"><div class=\"align-icon\" style=\"text-align:center;\">\n<div class=\"aio-icon circle \"  style=\"color:#ffffff;background:#de8760;font-size:32px;display:inline-block;\">\n\t<i class=\"Defaults-search-plus\"><\/i>\n<\/div><\/div><\/div><\/div><div class=\"uvc-ctaction-data uvc-ctaction-data-bottom-push ult-responsive\"><\/p>\n<p style=\"text-align: center;\">Engenharia<\/p>\n<p><\/div><a class=\"ulimate-call-to-action-link\" href=\"http:\/\/freesolo.com.br\/pse-freesolo\/servicos\/engenharia\/\" ><\/a><\/div>[\/vc_column][vc_column width=&#8221;1\/6&#8243;]<div id=\"highlight-box-wrap-7558\"  data-ultimate-target='#highlight-box-wrap-7558'  data-responsive-json-new='{\"font-size\":\"desktop:20px;\",\"line-height\":\"desktop:30px;\"}'  class=\"ultimate-call-to-action ult-adjust-bottom-margin  ctaction-text-center ult-responsive\" style=\"font-weight:normal;color:#7b828c;background:#eaeaea;\"  data-background=\"#eaeaea\"  data-background-hover=\"#eaeaea\"  data-override=\"0\" ><div class=\"uvc-ctaction-data uvc-ctaction-data-no-effect ult-responsive\"><\/p>\n<p style=\"text-align: center;\"><img loading=\"lazy\" decoding=\"async\" class=\"size-full wp-image-1297 aligncenter\" src=\"\/wp-content\/uploads\/2016\/11\/logo-servicos-115x112.png\" alt=\"logo-servicos-115x112\" width=\"115\" height=\"112\" \/><\/p>\n<p><\/div><\/div>[\/vc_column][vc_column width=&#8221;1\/6&#8243;]<div id=\"highlight-box-wrap-2452\"  data-ultimate-target='#highlight-box-wrap-2452'  data-responsive-json-new='{\"font-size\":\"desktop:20px;\",\"line-height\":\"desktop:30px;\"}'  class=\"ultimate-call-to-action ult-adjust-bottom-margin  ctaction-text-center ult-responsive\" style=\"font-weight:normal;color:#ffffff;background:#de8760;padding-top:45px;padding-bottom:45px;\"  data-background=\"#de8760\"  data-background-hover=\"#dd7544\"  data-override=\"0\" ><div class=\"ultimate-ctaction-icon ctaction-icon-bottom-push\"><div class=\"ult-just-icon-wrapper  \"><div class=\"align-icon\" style=\"text-align:center;\">\n<div class=\"aio-icon circle \"  style=\"color:#ffffff;background:#de8760;font-size:32px;display:inline-block;\">\n\t<i class=\"Defaults-search-plus\"><\/i>\n<\/div><\/div><\/div><\/div><div class=\"uvc-ctaction-data uvc-ctaction-data-bottom-push ult-responsive\"><\/p>\n<p style=\"text-align: center;\">Estudo de Riscos<\/p>\n<p><\/div><a class=\"ulimate-call-to-action-link\" href=\"http:\/\/freesolo.com.br\/pse-freesolo\/servicos\/estudos-de-riscos\/\" ><\/a><\/div>[\/vc_column][vc_column width=&#8221;1\/4&#8243;][\/vc_column][\/vc_row][vc_row centered=&#8221;yes&#8221; sd_margin_bottom=&#8221;0px&#8221;][vc_column width=&#8221;1\/4&#8243;][\/vc_column][vc_column width=&#8221;1\/6&#8243;]<div id=\"highlight-box-wrap-6428\"  data-ultimate-target='#highlight-box-wrap-6428'  data-responsive-json-new='{\"font-size\":\"desktop:20px;\",\"line-height\":\"desktop:30px;\"}'  class=\"ultimate-call-to-action ult-adjust-bottom-margin  ctaction-text-center ult-responsive\" style=\"font-weight:normal;color:#7b828c;background:#eaeaea;\"  data-background=\"#eaeaea\"  data-background-hover=\"#eaeaea\"  data-override=\"0\" ><div class=\"uvc-ctaction-data uvc-ctaction-data-no-effect ult-responsive\"><\/p>\n<p style=\"text-align: center;\"><img loading=\"lazy\" decoding=\"async\" class=\"size-full wp-image-1297 aligncenter\" src=\"\/wp-content\/uploads\/2016\/11\/logo-servicos-115x112.png\" alt=\"logo-servicos-115x112\" width=\"115\" height=\"112\" \/><\/p>\n<p><\/div><\/div>[\/vc_column][vc_column width=&#8221;1\/6&#8243;]<div id=\"highlight-box-wrap-8796\"  data-ultimate-target='#highlight-box-wrap-8796'  data-responsive-json-new='{\"font-size\":\"desktop:20px;\",\"line-height\":\"desktop:30px;\"}'  class=\"ultimate-call-to-action ult-adjust-bottom-margin  ctaction-text-center ult-responsive\" style=\"font-weight:normal;color:#ffffff;background:#de8760;padding-top:30px;padding-bottom:30px;\"  data-background=\"#de8760\"  data-background-hover=\"#dd7544\"  data-override=\"0\" ><div class=\"ultimate-ctaction-icon ctaction-icon-bottom-push\"><div class=\"ult-just-icon-wrapper  \"><div class=\"align-icon\" style=\"text-align:center;\">\n<div class=\"aio-icon circle \"  style=\"color:#ffffff;background:#de8760;font-size:32px;display:inline-block;\">\n\t<i class=\"Defaults-search-plus\"><\/i>\n<\/div><\/div><\/div><\/div><div class=\"uvc-ctaction-data uvc-ctaction-data-bottom-push ult-responsive\"><\/p>\n<p style=\"text-align: center;\">Consultoria<br \/>\nComercial<\/p>\n<p><\/div><a class=\"ulimate-call-to-action-link\" href=\"http:\/\/freesolo.com.br\/pse-freesolo\/servicos\/consultoria-comercial\/\" ><\/a><\/div>[\/vc_column][vc_column width=&#8221;1\/6&#8243;]<div id=\"highlight-box-wrap-7283\"  data-ultimate-target='#highlight-box-wrap-7283'  data-responsive-json-new='{\"font-size\":\"desktop:20px;\",\"line-height\":\"desktop:30px;\"}'  class=\"ultimate-call-to-action ult-adjust-bottom-margin  ctaction-text-center ult-responsive\" style=\"font-weight:normal;color:#7b828c;background:#eaeaea;\"  data-background=\"#eaeaea\"  data-background-hover=\"#eaeaea\"  data-override=\"0\" ><div class=\"uvc-ctaction-data uvc-ctaction-data-no-effect ult-responsive\"><\/p>\n<p style=\"text-align: center;\"><img loading=\"lazy\" decoding=\"async\" class=\"size-full wp-image-1297 aligncenter\" src=\"\/wp-content\/uploads\/2016\/11\/logo-servicos-115x112.png\" alt=\"logo-servicos-115x112\" width=\"115\" height=\"112\" \/><\/p>\n<p><\/div><\/div>[\/vc_column][vc_column width=&#8221;1\/4&#8243;][\/vc_column][\/vc_row][vc_row centered=&#8221;yes&#8221; sd_margin_bottom=&#8221;0px&#8221;][vc_column width=&#8221;1\/4&#8243;][\/vc_column][vc_column width=&#8221;1\/6&#8243;]<div id=\"highlight-box-wrap-5891\"  data-ultimate-target='#highlight-box-wrap-5891'  data-responsive-json-new='{\"font-size\":\"desktop:20px;\",\"line-height\":\"desktop:30px;\"}'  class=\"ultimate-call-to-action ult-adjust-bottom-margin  ctaction-text-center ult-responsive\" style=\"font-weight:normal;color:#ffffff;background:#de8760;padding-top:45px;padding-bottom:45px;\"  data-background=\"#de8760\"  data-background-hover=\"#dd7544\"  data-override=\"0\" ><div class=\"ultimate-ctaction-icon ctaction-icon-bottom-push\"><div class=\"ult-just-icon-wrapper  \"><div class=\"align-icon\" style=\"text-align:center;\">\n<div class=\"aio-icon circle \"  style=\"color:#ffffff;background:#de8760;font-size:32px;display:inline-block;\">\n\t<i class=\"Defaults-search-plus\"><\/i>\n<\/div><\/div><\/div><\/div><div class=\"uvc-ctaction-data uvc-ctaction-data-bottom-push ult-responsive\"><\/p>\n<p style=\"text-align: center;\">Energia<\/p>\n<p><\/div><a class=\"ulimate-call-to-action-link\" href=\"http:\/\/freesolo.com.br\/pse-freesolo\/servicos\/energia\/\" ><\/a><\/div>[\/vc_column][vc_column width=&#8221;1\/6&#8243;]<div id=\"highlight-box-wrap-9238\"  data-ultimate-target='#highlight-box-wrap-9238'  data-responsive-json-new='{\"font-size\":\"desktop:20px;\",\"line-height\":\"desktop:30px;\"}'  class=\"ultimate-call-to-action ult-adjust-bottom-margin  ctaction-text-center ult-responsive\" style=\"font-weight:normal;color:#7b828c;background:#eaeaea;\"  data-background=\"#eaeaea\"  data-background-hover=\"#eaeaea\"  data-override=\"0\" ><div class=\"uvc-ctaction-data uvc-ctaction-data-no-effect ult-responsive\"><\/p>\n<p style=\"text-align: center;\"><img loading=\"lazy\" decoding=\"async\" class=\"size-full wp-image-1297 aligncenter\" src=\"\/wp-content\/uploads\/2016\/11\/logo-servicos-115x112.png\" alt=\"logo-servicos-115x112\" width=\"115\" height=\"112\" \/><\/p>\n<p><\/div><\/div>[\/vc_column][vc_column width=&#8221;1\/6&#8243;]<div id=\"highlight-box-wrap-1099\"  data-ultimate-target='#highlight-box-wrap-1099'  data-responsive-json-new='{\"font-size\":\"desktop:20px;\",\"line-height\":\"desktop:30px;\"}'  class=\"ultimate-call-to-action ult-adjust-bottom-margin  ctaction-text-center ult-responsive\" style=\"font-weight:normal;color:#ffffff;background:#de8760;padding-top:45px;padding-bottom:45px;\"  data-background=\"#de8760\"  data-background-hover=\"#dd7544\"  data-override=\"0\" ><div class=\"ultimate-ctaction-icon ctaction-icon-bottom-push\"><div class=\"ult-just-icon-wrapper  \"><div class=\"align-icon\" style=\"text-align:center;\">\n<div class=\"aio-icon circle \"  style=\"color:#ffffff;background:#de8760;font-size:32px;display:inline-block;\">\n\t<i class=\"Defaults-search-plus\"><\/i>\n<\/div><\/div><\/div><\/div><div class=\"uvc-ctaction-data uvc-ctaction-data-bottom-push ult-responsive\"><\/p>\n<p style=\"text-align: center;\">Meio Ambiente<\/p>\n<p><\/div><a class=\"ulimate-call-to-action-link\" href=\"http:\/\/freesolo.com.br\/pse-freesolo\/servicos\/meio-ambiente\/\" ><\/a><\/div>[\/vc_column][vc_column width=&#8221;1\/4&#8243;][\/vc_column][\/vc_row][vc_row][vc_column]<div class=\"ult-spacer spacer-69dc2b13bebd0\" data-id=\"69dc2b13bebd0\" data-height=\"20\" data-height-mobile=\"20\" data-height-tab=\"20\" data-height-tab-portrait=\"\" data-height-mobile-landscape=\"\" style=\"clear:both;display:block;\"><\/div>[\/vc_column][\/vc_row]<\/p>\n<\/div>","protected":false},"excerpt":{"rendered":"<p>[vc_row centered=&#8221;yes&#8221; bg_type=&#8221;image&#8221; parallax_style=&#8221;vcpb-default&#8221; bg_image_new=&#8221;id^1534|url^http:\/\/freesolo.com.br\/wp-content\/uploads\/2016\/11\/banner-sombra-servicos3-1.jpg|caption^null|alt^null|title^banner-sombra-servicos3|description^null&#8221; bg_image_repeat=&#8221;no-repeat&#8221; bg_image_size=&#8221;initial&#8221; bg_image_posiiton=&#8221;center left&#8221; padding_top=&#8221;115px&#8221; padding_bottom=&#8221;115px&#8221; sd_margin_bottom=&#8221;0px&#8221;][vc_column][\/vc_column][\/vc_row][vc_row][vc_column][\/vc_column][\/vc_row][vc_row centered=&#8221;yes&#8221; sd_margin_bottom=&#8221;0px&#8221;][vc_column width=&#8221;1\/4&#8243;][\/vc_column][vc_column width=&#8221;1\/6&#8243;][\/vc_column][vc_column width=&#8221;1\/6&#8243;][\/vc_column][vc_column width=&#8221;1\/6&#8243;][\/vc_column][vc_column width=&#8221;1\/4&#8243;][\/vc_column][\/vc_row][vc_row centered=&#8221;yes&#8221; sd_margin_bottom=&#8221;0px&#8221;][vc_column width=&#8221;1\/4&#8243;][\/vc_column][vc_column width=&#8221;1\/6&#8243;][\/vc_column][vc_column width=&#8221;1\/6&#8243;][\/vc_column][vc_column width=&#8221;1\/6&#8243;][\/vc_column][vc_column width=&#8221;1\/4&#8243;][\/vc_column][\/vc_row][vc_row centered=&#8221;yes&#8221; sd_margin_bottom=&#8221;0px&#8221;][vc_column width=&#8221;1\/4&#8243;][\/vc_column][vc_column width=&#8221;1\/6&#8243;][\/vc_column][vc_column width=&#8221;1\/6&#8243;][\/vc_column][vc_column width=&#8221;1\/6&#8243;][\/vc_column][vc_column width=&#8221;1\/4&#8243;][\/vc_column][\/vc_row][vc_row][vc_column][\/vc_column][\/vc_row]<\/p>\n<div class=\"sd-more-wrapper\">\n<p><a class=\"sd-more sd-opacity-trans\" href=\"https:\/\/freesolo.com.br\/pse-freesolo\/servicos\/#more-338\">Ler Mais<\/a><\/p>\n<\/div>\n","protected":false},"author":1,"featured_media":0,"parent":0,"menu_order":0,"comment_status":"open","ping_status":"closed","template":"full-width-page.php","meta":{"_exactmetrics_skip_tracking":false,"_exactmetrics_sitenote_active":false,"_exactmetrics_sitenote_note":"","_exactmetrics_sitenote_category":0,"footnotes":""},"class_list":["post-338","page","type-page","status-publish","hentry"],"_links":{"self":[{"href":"https:\/\/freesolo.com.br\/pse-freesolo\/wp-json\/wp\/v2\/pages\/338","targetHints":{"allow":["GET"]}}],"collection":[{"href":"https:\/\/freesolo.com.br\/pse-freesolo\/wp-json\/wp\/v2\/pages"}],"about":[{"href":"https:\/\/freesolo.com.br\/pse-freesolo\/wp-json\/wp\/v2\/types\/page"}],"author":[{"embeddable":true,"href":"https:\/\/freesolo.com.br\/pse-freesolo\/wp-json\/wp\/v2\/users\/1"}],"replies":[{"embeddable":true,"href":"https:\/\/freesolo.com.br\/pse-freesolo\/wp-json\/wp\/v2\/comments?post=338"}],"version-history":[{"count":48,"href":"https:\/\/freesolo.com.br\/pse-freesolo\/wp-json\/wp\/v2\/pages\/338\/revisions"}],"predecessor-version":[{"id":1949,"href":"https:\/\/freesolo.com.br\/pse-freesolo\/wp-json\/wp\/v2\/pages\/338\/revisions\/1949"}],"wp:attachment":[{"href":"https:\/\/freesolo.com.br\/pse-freesolo\/wp-json\/wp\/v2\/media?parent=338"}],"curies":[{"name":"wp","href":"https:\/\/api.w.org\/{rel}","templated":true}]}}